{"id":5360,"date":"2022-09-06T14:36:01","date_gmt":"2022-09-06T12:36:01","guid":{"rendered":"https:\/\/www.apartments-faakersee.at\/?page_id=5360"},"modified":"2022-09-06T14:51:19","modified_gmt":"2022-09-06T12:51:19","slug":"sport","status":"publish","type":"page","link":"https:\/\/www.apartments-faakersee.at\/en\/sport\/","title":{"rendered":"Sport"},"content":{"rendered":"<p>[et_pb_section fb_built=&#8220;1&#8243; _builder_version=&#8220;4.16&#8243; max_width=&#8220;1440px&#8220; module_alignment=&#8220;center&#8220; custom_margin=&#8220;0px||||false|false&#8220; custom_padding=&#8220;0px||||false|false&#8220; locked=&#8220;off&#8220; global_colors_info=&#8220;{}&#8220;][et_pb_row column_structure=&#8220;1_2,1_2&#8243; make_equal=&#8220;on&#8220; custom_padding_last_edited=&#8220;on|tablet&#8220; module_class=&#8220; wa-vertical-center-section wa-subpages-hero-section&#8220; _builder_version=&#8220;4.16&#8243; width=&#8220;100%&#8220; width_tablet=&#8220;100%&#8220; width_phone=&#8220;&#8220; width_last_edited=&#8220;on|phone&#8220; custom_padding=&#8220;7px||||false|false&#8220; custom_padding_tablet=&#8220;||0px||false|false&#8220; custom_padding_phone=&#8220;&#8220; global_colors_info=&#8220;{}&#8220; custom_css_before_last_edited=&#8220;on|desktop&#8220;][et_pb_column type=&#8220;1_2&#8243; _builder_version=&#8220;4.16&#8243; animation_style=&#8220;slide&#8220; animation_direction=&#8220;left&#8220; animation_duration=&#8220;1500ms&#8220; global_colors_info=&#8220;{}&#8220;][et_pb_image src=&#8220;https:\/\/www.apartments-faakersee.at\/wp-content\/uploads\/2020\/06\/bewegungslust.jpg&#8220; alt=&#8220;Ein Mensch tippt am Handy etwas ein.&#8220; title_text=&#8220;bewegungslust&#8220; align=&#8220;center&#8220; align_tablet=&#8220;&#8220; align_phone=&#8220;&#8220; align_last_edited=&#8220;on|tablet&#8220; _builder_version=&#8220;4.18.0&#8243; global_colors_info=&#8220;{}&#8220;][\/et_pb_image][\/et_pb_column][et_pb_column type=&#8220;1_2&#8243; _builder_version=&#8220;4.16&#8243; custom_padding=&#8220;||||false|false&#8220; custom_padding_tablet=&#8220;|||0px|false|false&#8220; custom_padding_phone=&#8220;&#8220; custom_padding_last_edited=&#8220;on|tablet&#8220; animation_style=&#8220;slide&#8220; animation_direction=&#8220;right&#8220; animation_duration=&#8220;1500ms&#8220; global_colors_info=&#8220;{}&#8220;][et_pb_text module_class=&#8220;wa-simplonMono&#8220; _builder_version=&#8220;4.18.0&#8243; text_font=&#8220;|700||on|||||&#8220; text_font_size=&#8220;13px&#8220; text_letter_spacing=&#8220;3.6px&#8220; text_line_height=&#8220;25px&#8220; text_orientation=&#8220;center&#8220; custom_margin=&#8220;||7px|||&#8220; text_orientation_tablet=&#8220;center&#8220; text_orientation_phone=&#8220;&#8220; text_orientation_last_edited=&#8220;on|tablet&#8220; locked=&#8220;off&#8220; global_colors_info=&#8220;{}&#8220;]<\/p>\n<p>Sport<\/p>\n<p>[\/et_pb_text][et_pb_text module_class=&#8220;wa-simplonMono&#8220; _builder_version=&#8220;4.18.0&#8243; text_font=&#8220;|700||on|||||&#8220; text_font_size=&#8220;18px&#8220; text_line_height=&#8220;25px&#8220; header_font=&#8220;|700|||||||&#8220; header_text_align=&#8220;center&#8220; header_font_size=&#8220;50px&#8220; header_line_height=&#8220;65px&#8220; header_3_font=&#8220;|700|||||||&#8220; header_3_text_align=&#8220;left&#8220; header_3_font_size=&#8220;50px&#8220; header_3_line_height=&#8220;65px&#8220; width=&#8220;100%&#8220; width_tablet=&#8220;100%&#8220; width_phone=&#8220;&#8220; width_last_edited=&#8220;on|tablet&#8220; custom_margin=&#8220;||1px|||&#8220; header_text_align_tablet=&#8220;center&#8220; header_text_align_phone=&#8220;&#8220; header_text_align_last_edited=&#8220;on|tablet&#8220; header_font_size_tablet=&#8220;40px&#8220; header_font_size_phone=&#8220;40px&#8220; header_font_size_last_edited=&#8220;on|phone&#8220; header_3_text_align_tablet=&#8220;center&#8220; header_3_text_align_phone=&#8220;&#8220; header_3_text_align_last_edited=&#8220;on|tablet&#8220; header_3_font_size_tablet=&#8220;40px&#8220; header_3_font_size_phone=&#8220;40px&#8220; header_3_font_size_last_edited=&#8220;on|phone&#8220; text_orientation_tablet=&#8220;&#8220; text_orientation_phone=&#8220;&#8220; text_orientation_last_edited=&#8220;on|desktop&#8220; locked=&#8220;off&#8220; global_colors_info=&#8220;{}&#8220;]<\/p>\n<h1>Die coolsten sportlichen Aktivit\u00e4ten am Faaker See<\/h1>\n<p>[\/et_pb_text][\/et_pb_column][\/et_pb_row][\/et_pb_section][et_pb_section fb_built=&#8220;1&#8243; _builder_version=&#8220;4.16&#8243; custom_padding=&#8220;0px||4px|||&#8220; global_colors_info=&#8220;{}&#8220;][et_pb_row custom_padding_last_edited=&#8220;on|phone&#8220; _builder_version=&#8220;4.16&#8243; background_color=&#8220;#d5d7d4&#8243; width=&#8220;100%&#8220; width_tablet=&#8220;95%&#8220; width_phone=&#8220;&#8220; width_last_edited=&#8220;on|tablet&#8220; max_width=&#8220;1250px&#8220; custom_padding=&#8220;100px|140px|100px|140px|true|true&#8220; custom_padding_tablet=&#8220;80px|35px|80px|35px|true|true&#8220; custom_padding_phone=&#8220;|10px||10px|true|true&#8220; global_colors_info=&#8220;{}&#8220; width__hover_enabled=&#8220;off|hover&#8220;][et_pb_column type=&#8220;4_4&#8243; _builder_version=&#8220;4.16&#8243; global_colors_info=&#8220;{}&#8220;][et_pb_text _builder_version=&#8220;4.18.0&#8243; text_line_height=&#8220;28px&#8220; width_tablet=&#8220;87%&#8220; width_phone=&#8220;83%&#8220; width_last_edited=&#8220;on|tablet&#8220; module_alignment=&#8220;left&#8220; custom_margin=&#8220;0px||55px||false|false&#8220; text_font_size_tablet=&#8220;17px&#8220; text_font_size_phone=&#8220;17px&#8220; text_font_size_last_edited=&#8220;on|tablet&#8220; text_orientation_tablet=&#8220;center&#8220; text_orientation_phone=&#8220;&#8220; text_orientation_last_edited=&#8220;on|tablet&#8220; module_alignment_tablet=&#8220;center&#8220; module_alignment_phone=&#8220;&#8220; module_alignment_last_edited=&#8220;on|tablet&#8220; locked=&#8220;off&#8220; global_colors_info=&#8220;{}&#8220;]<\/p>\n<p>Der Faaker See und seine Umgebung sind nicht nur f\u00fcr die umfangreichen Wassersportm\u00f6glichkeiten bekannt, sondern auch ein geeigneter Urlaubsort f\u00fcr Triathleten, Wanderer, Bergsteiger oder Radfahrer. Im umliegenden Gebiet findet man Wander- und Kletterrouten mit jedem Schwierigkeitsgrad sowie ein gut ausgebautes Radwegenetz f\u00fcr Hobbybiker, Rennradfahrer und Mountainbiker. Auch L\u00e4ufer kommen auf den sch\u00f6nen Wald- und Rundwegen auf ihre Kosten.<\/p>\n<p>Das perfekte Basislager f\u00fcr Ihren Sporturlaub sind unsere Apartments am Faaker See. Sie bieten nicht nur ausreichend Platz und Stauraum f\u00fcr alle Sportutensilien, sondern punkten durch ein modernes Ambiente und eine <a href=\"https:\/\/www.apartments-faakersee.at\/ausstattung\/\">vollwertige Ausstattung.<\/a> Dar\u00fcber hinaus ist das Apartmenthaus zentral gelegen und verf\u00fcgt \u00fcber einen eigenen Badestrand. So k\u00f6nnen Sie sich nach einer anstrengenden Sporteinheit im kristallklaren See abk\u00fchlen.<\/p>\n<p>[\/et_pb_text][\/et_pb_column][\/et_pb_row][\/et_pb_section][et_pb_section fb_built=&#8220;1&#8243; _builder_version=&#8220;4.16&#8243; global_colors_info=&#8220;{}&#8220;][et_pb_row _builder_version=&#8220;4.16&#8243; global_colors_info=&#8220;{}&#8220;][et_pb_column type=&#8220;4_4&#8243; _builder_version=&#8220;4.16&#8243; global_colors_info=&#8220;{}&#8220;][et_pb_text _builder_version=&#8220;4.18.0&#8243; global_colors_info=&#8220;{}&#8220;]<\/p>\n<h2>Wandern und Klettern am Faaker See<\/h2>\n<p>[\/et_pb_text][et_pb_text _builder_version=&#8220;4.18.0&#8243; global_colors_info=&#8220;{}&#8220;]<\/p>\n<p>Unsere G\u00e4ste vom \u201eApart of me Faaker See\u201c haben beim Wandern und Klettern die Qual der Wahl. Kletterfreunde haben im Klettergarten am Kanzianiberg mehr als 300 Routen in unterschiedlichen Schwierigkeitsstufen zur Auswahl. Nicht zu vergessen ist dabei der atemberaubende Blick \u00fcber den Faaker See. S\u00e4mtliche Routen finden Sie hier: <a href=\"https:\/\/www.visitvillach.at\/de\/klettergarten-kanzianiberg.html\">Routenplan\u00a0<\/a>\u00a0<\/p>\n<p>Bergfexen k\u00f6nnen dem 2.145 m hohen Mittagskogel einen Besuch abstatten oder seinen Bruder, die Ferlacher Spitze, mit 1.742 m H\u00f6he erklimmen. Ein sch\u00f6nes Panorama bieten ebenfalls der nahe gelegene Schwarzkogel (1.842 m) und der Dobratsch (2.167 m). Die Gerlitzen (1.909 m) punktet wiederum durch ein Wandererlebnis f\u00fcr Gro\u00df und Klein und ist besonders gut f\u00fcr Familienausfl\u00fcge geeignet.<\/p>\n<p>[\/et_pb_text][\/et_pb_column][\/et_pb_row][et_pb_row column_structure=&#8220;1_2,1_2&#8243; _builder_version=&#8220;4.16&#8243; global_colors_info=&#8220;{}&#8220;][et_pb_column type=&#8220;1_2&#8243; _builder_version=&#8220;4.16&#8243; global_colors_info=&#8220;{}&#8220;][et_pb_text _builder_version=&#8220;4.18.0&#8243; global_colors_info=&#8220;{}&#8220;]<\/p>\n<h3>Radfahren am Faaker See<\/h3>\n<p>[\/et_pb_text][et_pb_text _builder_version=&#8220;4.18.0&#8243; global_colors_info=&#8220;{}&#8220;]<\/p>\n<p>Der Faaker See ist ein Eldorado f\u00fcr alle Hobbyradler, Rennradfahrer und Mountainbiker. In nur wenigen Kilometern gelangen Sie direkt zum bekannten Drauradweg, der Sie entweder nach Italien oder Slowenien f\u00fchrt. Jede Etappe kann dabei sowohl von Familien als auch von Profisportlern zur\u00fcckgelegt werden. Eine sch\u00f6ne Alternative stellt der Gailradweg dar, auf dem Sie bis nach K\u00f6tschach oder in die angrenzende Stadt Villach gelangen. Ebenso beliebt ist die mittelschwere Rennradroute nach Italien und Slowenien.<\/p>\n<p>Einen Trail mit dem Mountainbike hinunterbrettern ist genau Ihr Ding? Da wird Ihnen der \u201eKopein Trail\u201c mit 1,8 km L\u00e4nge gefallen. Dieser Singletrail f\u00fchrt durch einen idyllischen Wald und endet mit einigen Spr\u00fcngen und Wellen. Profis finden bestimmt am 1,6 km langen \u201eSamonigg Trail\u201c ihren Gefallen. Dieser liegt am Fu\u00dfe der Karawanken und bietet neben einem rasanten Fahrvergn\u00fcgen einen sch\u00f6nen Ausblick auf den Faaker See. Wer noch nicht genug hat, kann den \u201eShorty Trail\u201c mit seinen 0,7 km in die beiden oben genannten Trails miteinbeziehen.<\/p>\n<p>[\/et_pb_text][\/et_pb_column][et_pb_column type=&#8220;1_2&#8243; _builder_version=&#8220;4.16&#8243; global_colors_info=&#8220;{}&#8220;][et_pb_image src=&#8220;https:\/\/www.apartments-faakersee.at\/wp-content\/uploads\/2020\/06\/banner-region.jpg&#8220; alt=&#8220;Ein Koffer liegt auf der Bank im Business Apartment&#8220; title_text=&#8220;banner-region&#8220; _builder_version=&#8220;4.18.0&#8243; global_colors_info=&#8220;{}&#8220;][\/et_pb_image][\/et_pb_column][\/et_pb_row][et_pb_row _builder_version=&#8220;4.16&#8243; global_colors_info=&#8220;{}&#8220;][et_pb_column type=&#8220;4_4&#8243; _builder_version=&#8220;4.16&#8243; global_colors_info=&#8220;{}&#8220;][et_pb_text _builder_version=&#8220;4.18.0&#8243; global_colors_info=&#8220;{}&#8220;]<\/p>\n<h3>Laufen &amp; Nordic Walking am Faaker See<\/h3>\n<p>[\/et_pb_text][et_pb_text _builder_version=&#8220;4.18.0&#8243; global_colors_info=&#8220;{}&#8220;]<\/p>\n<p>Die Gegend rund um den Faaker See wartet mit einem abwechslungsreichen Gel\u00e4nde f\u00fcr alle Jogger, L\u00e4ufer und Nordic Walker auf. So k\u00f6nnen Sie sich zwischen flachen Streckenverl\u00e4ufen, h\u00fcgeligen und steilen Routen oder Laufwegen durch dichte W\u00e4lder entscheiden. Die Streckenprofile zeichnen sich dabei durch unterschiedliche Schwierigkeitsgrade und L\u00e4ngen aus. Viele davon liefern einen tollen Ausblick auf die umliegende Bergwelt und den glasklaren See.<\/p>\n<p>Der ca. 10 km lange Rundweg um den Faaker See bietet f\u00fcr jeden L\u00e4ufer und Nordic Walker den passenden Einstieg ins Laufvergn\u00fcgen. Unterschiedliche Begebenheiten wie Schotter, Waldboden und Asphalt machen die auch f\u00fcr Anf\u00e4nger geeignete Laufstrecke abwechslungsreich. Wer es lieber fordernd mag, kann die 5 km lange Laufstrecke auf die Taborh\u00f6he mit einem Anstieg von 120 H\u00f6henmetern zur\u00fccklegen und wird am Ende mit einem sch\u00f6nen Ausblick \u00fcber den Faaker See belohnt. Wem Laufen allein nicht reicht, dem empfehlen wir den Fitnessparcours \u201eNaturAktivPark Faaker See\u201c. Hier finden Sie an der Laufstrecke insgesamt 20 Stationen, an denen Sie Ihre Fitness unter Beweis stellen k\u00f6nnen.<\/p>\n<p>[\/et_pb_text][\/et_pb_column][\/et_pb_row][\/et_pb_section][et_pb_section fb_built=&#8220;1&#8243; _builder_version=&#8220;4.16&#8243; custom_padding=&#8220;0px||4px|||&#8220; global_colors_info=&#8220;{}&#8220;][et_pb_row custom_padding_last_edited=&#8220;on|phone&#8220; _builder_version=&#8220;4.16&#8243; background_color=&#8220;#d5d7d4&#8243; width=&#8220;100%&#8220; width_tablet=&#8220;95%&#8220; width_phone=&#8220;&#8220; width_last_edited=&#8220;on|tablet&#8220; max_width=&#8220;1250px&#8220; custom_padding=&#8220;100px|140px|100px|140px|true|true&#8220; custom_padding_tablet=&#8220;80px|35px|80px|35px|true|true&#8220; custom_padding_phone=&#8220;|10px||10px|true|true&#8220; global_colors_info=&#8220;{}&#8220; width__hover_enabled=&#8220;off|hover&#8220;][et_pb_column type=&#8220;4_4&#8243; _builder_version=&#8220;4.16&#8243; global_colors_info=&#8220;{}&#8220;][et_pb_text _builder_version=&#8220;4.18.0&#8243; text_line_height=&#8220;28px&#8220; width_tablet=&#8220;87%&#8220; width_phone=&#8220;83%&#8220; width_last_edited=&#8220;on|tablet&#8220; module_alignment=&#8220;left&#8220; custom_margin=&#8220;0px||55px||false|false&#8220; text_font_size_tablet=&#8220;17px&#8220; text_font_size_phone=&#8220;17px&#8220; text_font_size_last_edited=&#8220;on|tablet&#8220; text_orientation_tablet=&#8220;center&#8220; text_orientation_phone=&#8220;&#8220; text_orientation_last_edited=&#8220;on|tablet&#8220; module_alignment_tablet=&#8220;center&#8220; module_alignment_phone=&#8220;&#8220; module_alignment_last_edited=&#8220;on|tablet&#8220; locked=&#8220;off&#8220; global_colors_info=&#8220;{}&#8220;]<\/p>\n<p>Lust auf Sport am Faaker See? <a href=\"https:\/\/www.apartments-faakersee.at\/buchen\/\">Buchen Sie noch heute Ihr Apartment<\/a> und erleben Sie einen unvergesslichen Aktivurlaub!<\/p>\n<p>[\/et_pb_text][\/et_pb_column][\/et_pb_row][\/et_pb_section][et_pb_section fb_built=&#8220;1&#8243; _builder_version=&#8220;4.4.3&#8243; background_color=&#8220;#d5d7d4&#8243; custom_margin=&#8220;100px|||||&#8220; custom_padding=&#8220;||||false|false&#8220; border_width_top=&#8220;1px&#8220; global_module=&#8220;1486&#8243; collapsed=&#8220;off&#8220; global_colors_info=&#8220;{}&#8220;][et_pb_row module_class=&#8220;wa-footer-newsletter-section&#8220; _builder_version=&#8220;4.16&#8243; background_size=&#8220;initial&#8220; background_position=&#8220;top_left&#8220; background_repeat=&#8220;repeat&#8220; module_alignment=&#8220;center&#8220; global_colors_info=&#8220;{}&#8220;][et_pb_column type=&#8220;4_4&#8243; _builder_version=&#8220;4.16&#8243; global_colors_info=&#8220;{}&#8220;][et_pb_text _builder_version=&#8220;4.16&#8243; text_font=&#8220;|||on|||||&#8220; text_text_color=&#8220;#000000&#8243; text_font_size=&#8220;13px&#8220; text_letter_spacing=&#8220;1.86px&#8220; text_line_height=&#8220;19px&#8220; header_text_color=&#8220;#000000&#8243; header_font_size=&#8220;50px&#8220; header_2_font=&#8220;|700|||||||&#8220; header_2_text_color=&#8220;#000000&#8243; header_2_font_size=&#8220;50px&#8220; global_colors_info=&#8220;{}&#8220;]<\/p>\n<h2>Newsletter<\/h2>\n<p>MELDE DICH BEI UNSEREM NEWSLETTER AN UM IMMER \u00dcBER AKTUELLE NEWS UND ANGEBOTE INFORMIERT ZU BLEIBEN<\/p>\n<p>[\/et_pb_text][et_pb_code _builder_version=&#8220;4.16&#8243; global_colors_info=&#8220;{}&#8220;]<script id=\"n2g_script\">!function(e,t,n,c,r,a,i){e.Newsletter2GoTrackingObject=r,e[r]=e[r]||function(){(e[r].q=e[r].q||[]).push(arguments)},e[r].l=1*new Date,a=t.createElement(n),i=t.getElementsByTagName(n)[0],a.async=1,a.src=c,i.parentNode.insertBefore(a,i)}(window,document,\"script\",\"https:\/\/static.newsletter2go.com\/utils.js\",\"n2g\");var config = {\"container\": {\"type\": \"div\",\"class\": \"\",\"style\": \"\"},\"row\": {\"type\": \"div\",\"class\": \"\",\"style\": \"margin-top: 15px;\"},\"columnLeft\": {\"type\": \"div\",\"class\": \"\",\"style\": \"\"},\"columnRight\": {\"type\": \"div\",\"class\": \"\",\"style\": \"\"},\"label\": {\"type\": \"label\",\"class\": \"\",\"style\": \"\"}};n2g('create', 'ut1m3fer-k96mt4nb-igs');n2g('subscribe:createForm', config);<\/script>[\/et_pb_code][\/et_pb_column][\/et_pb_row][\/et_pb_section]<\/p>\n","protected":false},"excerpt":{"rendered":"<p>SportDie coolsten sportlichen Aktivit\u00e4ten am Faaker SeeDer Faaker See und seine Umgebung sind nicht nur f\u00fcr die umfangreichen Wassersportm\u00f6glichkeiten bekannt, sondern auch ein geeigneter Urlaubsort f\u00fcr Triathleten, Wanderer, Bergsteiger oder Radfahrer. Im umliegenden Gebiet findet man Wander- und Kletterrouten mit jedem Schwierigkeitsgrad sowie ein gut ausgebautes Radwegenetz f\u00fcr Hobbybiker, Rennradfahrer und Mountainbiker. Auch L\u00e4ufer kommen [&hellip;]<\/p>\n","protected":false},"author":1,"featured_media":0,"parent":0,"menu_order":0,"comment_status":"closed","ping_status":"closed","template":"","meta":{"_et_pb_use_builder":"on","_et_pb_old_content":"","_et_gb_content_width":"","footnotes":""},"class_list":["post-5360","page","type-page","status-publish","hentry"],"yoast_head":"<!-- This site is optimized with the Yoast SEO plugin v27.4 - https:\/\/yoast.com\/product\/yoast-seo-wordpress\/ -->\n<title>Sport am Faaker See - Angebote im \u00dcberblick<\/title>\n<meta name=\"description\" content=\"Wer Aktivurlaube liebt, ist am Faaker See genau richtig. Hier gibt es etliche sportliche Aktivit\u00e4ten f\u00fcr Hobby- oder Profiathleten.\" \/>\n<meta name=\"robots\" content=\"index, follow, max-snippet:-1, max-image-preview:large, max-video-preview:-1\" \/>\n<link rel=\"canonical\" href=\"https:\/\/www.apartments-faakersee.at\/en\/sport\/\" \/>\n<meta property=\"og:locale\" content=\"en_GB\" \/>\n<meta property=\"og:type\" content=\"article\" \/>\n<meta property=\"og:title\" content=\"Sport am Faaker See - Angebote im \u00dcberblick\" \/>\n<meta property=\"og:description\" content=\"Wer Aktivurlaube liebt, ist am Faaker See genau richtig. Hier gibt es etliche sportliche Aktivit\u00e4ten f\u00fcr Hobby- oder Profiathleten.\" \/>\n<meta property=\"og:url\" content=\"https:\/\/www.apartments-faakersee.at\/en\/sport\/\" \/>\n<meta property=\"og:site_name\" content=\"Apart of me Faaker See\" \/>\n<meta property=\"article:modified_time\" content=\"2022-09-06T12:51:19+00:00\" \/>\n<meta property=\"og:image\" content=\"https:\/\/www.apartments-faakersee.at\/wp-content\/uploads\/2021\/04\/logo-faaker-see-favi.png\" \/>\n\t<meta property=\"og:image:width\" content=\"500\" \/>\n\t<meta property=\"og:image:height\" content=\"500\" \/>\n\t<meta property=\"og:image:type\" content=\"image\/png\" \/>\n<meta name=\"twitter:card\" content=\"summary_large_image\" \/>\n<meta name=\"twitter:label1\" content=\"Est. reading time\" \/>\n\t<meta name=\"twitter:data1\" content=\"6 minutes\" \/>\n<script type=\"application\/ld+json\" class=\"yoast-schema-graph\">{\"@context\":\"https:\\\/\\\/schema.org\",\"@graph\":[{\"@type\":\"WebPage\",\"@id\":\"https:\\\/\\\/www.apartments-faakersee.at\\\/sport\\\/\",\"url\":\"https:\\\/\\\/www.apartments-faakersee.at\\\/sport\\\/\",\"name\":\"Sport am Faaker See - Angebote im \u00dcberblick\",\"isPartOf\":{\"@id\":\"https:\\\/\\\/www.apartments-faakersee.at\\\/#website\"},\"datePublished\":\"2022-09-06T12:36:01+00:00\",\"dateModified\":\"2022-09-06T12:51:19+00:00\",\"description\":\"Wer Aktivurlaube liebt, ist am Faaker See genau richtig. Hier gibt es etliche sportliche Aktivit\u00e4ten f\u00fcr Hobby- oder Profiathleten.\",\"breadcrumb\":{\"@id\":\"https:\\\/\\\/www.apartments-faakersee.at\\\/sport\\\/#breadcrumb\"},\"inLanguage\":\"en-GB\",\"potentialAction\":[{\"@type\":\"ReadAction\",\"target\":[\"https:\\\/\\\/www.apartments-faakersee.at\\\/sport\\\/\"]}]},{\"@type\":\"BreadcrumbList\",\"@id\":\"https:\\\/\\\/www.apartments-faakersee.at\\\/sport\\\/#breadcrumb\",\"itemListElement\":[{\"@type\":\"ListItem\",\"position\":1,\"name\":\"Startseite\",\"item\":\"https:\\\/\\\/www.apartments-faakersee.at\\\/it\\\/\"},{\"@type\":\"ListItem\",\"position\":2,\"name\":\"Sport\"}]},{\"@type\":\"WebSite\",\"@id\":\"https:\\\/\\\/www.apartments-faakersee.at\\\/#website\",\"url\":\"https:\\\/\\\/www.apartments-faakersee.at\\\/\",\"name\":\"Apart of me Faaker See\",\"description\":\"Ihre Wohlf\u00fchloase am Faaker See\",\"publisher\":{\"@id\":\"https:\\\/\\\/www.apartments-faakersee.at\\\/#organization\"},\"potentialAction\":[{\"@type\":\"SearchAction\",\"target\":{\"@type\":\"EntryPoint\",\"urlTemplate\":\"https:\\\/\\\/www.apartments-faakersee.at\\\/?s={search_term_string}\"},\"query-input\":{\"@type\":\"PropertyValueSpecification\",\"valueRequired\":true,\"valueName\":\"search_term_string\"}}],\"inLanguage\":\"en-GB\"},{\"@type\":\"Organization\",\"@id\":\"https:\\\/\\\/www.apartments-faakersee.at\\\/#organization\",\"name\":\"Apartments Villach\",\"url\":\"https:\\\/\\\/www.apartments-faakersee.at\\\/\",\"logo\":{\"@type\":\"ImageObject\",\"inLanguage\":\"en-GB\",\"@id\":\"https:\\\/\\\/www.apartments-faakersee.at\\\/#\\\/schema\\\/logo\\\/image\\\/\",\"url\":\"https:\\\/\\\/www.apartments-faakersee.at\\\/wp-content\\\/uploads\\\/2017\\\/11\\\/cropped-Apartments-Villach-Logo.png\",\"contentUrl\":\"https:\\\/\\\/www.apartments-faakersee.at\\\/wp-content\\\/uploads\\\/2017\\\/11\\\/cropped-Apartments-Villach-Logo.png\",\"width\":512,\"height\":512,\"caption\":\"Apartments Villach\"},\"image\":{\"@id\":\"https:\\\/\\\/www.apartments-faakersee.at\\\/#\\\/schema\\\/logo\\\/image\\\/\"}}]}<\/script>\n<!-- \/ Yoast SEO plugin. -->","yoast_head_json":{"title":"Sport am Faaker See - Angebote im \u00dcberblick","description":"Wer Aktivurlaube liebt, ist am Faaker See genau richtig. Hier gibt es etliche sportliche Aktivit\u00e4ten f\u00fcr Hobby- oder Profiathleten.","robots":{"index":"index","follow":"follow","max-snippet":"max-snippet:-1","max-image-preview":"max-image-preview:large","max-video-preview":"max-video-preview:-1"},"canonical":"https:\/\/www.apartments-faakersee.at\/en\/sport\/","og_locale":"en_GB","og_type":"article","og_title":"Sport am Faaker See - Angebote im \u00dcberblick","og_description":"Wer Aktivurlaube liebt, ist am Faaker See genau richtig. Hier gibt es etliche sportliche Aktivit\u00e4ten f\u00fcr Hobby- oder Profiathleten.","og_url":"https:\/\/www.apartments-faakersee.at\/en\/sport\/","og_site_name":"Apart of me Faaker See","article_modified_time":"2022-09-06T12:51:19+00:00","og_image":[{"width":500,"height":500,"url":"https:\/\/www.apartments-faakersee.at\/wp-content\/uploads\/2021\/04\/logo-faaker-see-favi.png","type":"image\/png"}],"twitter_card":"summary_large_image","twitter_misc":{"Est. reading time":"6 minutes"},"schema":{"@context":"https:\/\/schema.org","@graph":[{"@type":"WebPage","@id":"https:\/\/www.apartments-faakersee.at\/sport\/","url":"https:\/\/www.apartments-faakersee.at\/sport\/","name":"Sport am Faaker See - Angebote im \u00dcberblick","isPartOf":{"@id":"https:\/\/www.apartments-faakersee.at\/#website"},"datePublished":"2022-09-06T12:36:01+00:00","dateModified":"2022-09-06T12:51:19+00:00","description":"Wer Aktivurlaube liebt, ist am Faaker See genau richtig. Hier gibt es etliche sportliche Aktivit\u00e4ten f\u00fcr Hobby- oder Profiathleten.","breadcrumb":{"@id":"https:\/\/www.apartments-faakersee.at\/sport\/#breadcrumb"},"inLanguage":"en-GB","potentialAction":[{"@type":"ReadAction","target":["https:\/\/www.apartments-faakersee.at\/sport\/"]}]},{"@type":"BreadcrumbList","@id":"https:\/\/www.apartments-faakersee.at\/sport\/#breadcrumb","itemListElement":[{"@type":"ListItem","position":1,"name":"Startseite","item":"https:\/\/www.apartments-faakersee.at\/it\/"},{"@type":"ListItem","position":2,"name":"Sport"}]},{"@type":"WebSite","@id":"https:\/\/www.apartments-faakersee.at\/#website","url":"https:\/\/www.apartments-faakersee.at\/","name":"Apart from me Faaker See","description":"Your oasis of well-being on Lake Faak","publisher":{"@id":"https:\/\/www.apartments-faakersee.at\/#organization"},"potentialAction":[{"@type":"SearchAction","target":{"@type":"EntryPoint","urlTemplate":"https:\/\/www.apartments-faakersee.at\/?s={search_term_string}"},"query-input":{"@type":"PropertyValueSpecification","valueRequired":true,"valueName":"search_term_string"}}],"inLanguage":"en-GB"},{"@type":"Organization","@id":"https:\/\/www.apartments-faakersee.at\/#organization","name":"Flats Villach","url":"https:\/\/www.apartments-faakersee.at\/","logo":{"@type":"ImageObject","inLanguage":"en-GB","@id":"https:\/\/www.apartments-faakersee.at\/#\/schema\/logo\/image\/","url":"https:\/\/www.apartments-faakersee.at\/wp-content\/uploads\/2017\/11\/cropped-Apartments-Villach-Logo.png","contentUrl":"https:\/\/www.apartments-faakersee.at\/wp-content\/uploads\/2017\/11\/cropped-Apartments-Villach-Logo.png","width":512,"height":512,"caption":"Apartments Villach"},"image":{"@id":"https:\/\/www.apartments-faakersee.at\/#\/schema\/logo\/image\/"}}]}},"_links":{"self":[{"href":"https:\/\/www.apartments-faakersee.at\/en\/wp-json\/wp\/v2\/pages\/5360","targetHints":{"allow":["GET"]}}],"collection":[{"href":"https:\/\/www.apartments-faakersee.at\/en\/wp-json\/wp\/v2\/pages"}],"about":[{"href":"https:\/\/www.apartments-faakersee.at\/en\/wp-json\/wp\/v2\/types\/page"}],"author":[{"embeddable":true,"href":"https:\/\/www.apartments-faakersee.at\/en\/wp-json\/wp\/v2\/users\/1"}],"replies":[{"embeddable":true,"href":"https:\/\/www.apartments-faakersee.at\/en\/wp-json\/wp\/v2\/comments?post=5360"}],"version-history":[{"count":7,"href":"https:\/\/www.apartments-faakersee.at\/en\/wp-json\/wp\/v2\/pages\/5360\/revisions"}],"predecessor-version":[{"id":5371,"href":"https:\/\/www.apartments-faakersee.at\/en\/wp-json\/wp\/v2\/pages\/5360\/revisions\/5371"}],"wp:attachment":[{"href":"https:\/\/www.apartments-faakersee.at\/en\/wp-json\/wp\/v2\/media?parent=5360"}],"curies":[{"name":"wp","href":"https:\/\/api.w.org\/{rel}","templated":true}]}}