{"id":5372,"date":"2022-09-07T09:21:32","date_gmt":"2022-09-07T07:21:32","guid":{"rendered":"https:\/\/www.apartments-faakersee.at\/?page_id=5372"},"modified":"2022-09-07T12:16:17","modified_gmt":"2022-09-07T10:16:17","slug":"wasseraktivitaeten","status":"publish","type":"page","link":"https:\/\/www.apartments-faakersee.at\/en\/wasseraktivitaeten\/","title":{"rendered":"Water activities"},"content":{"rendered":"<p>[et_pb_section fb_built=&#8220;1&#8243; _builder_version=&#8220;4.18.0&#8243; max_width=&#8220;1440px&#8220; module_alignment=&#8220;center&#8220; custom_margin=&#8220;-1px||||false|false&#8220; custom_padding=&#8220;0px||||false|false&#8220; hover_enabled=&#8220;0&#8243; locked=&#8220;off&#8220; global_colors_info=&#8220;{}&#8220; sticky_enabled=&#8220;0&#8243;][et_pb_row column_structure=&#8220;1_2,1_2&#8243; make_equal=&#8220;on&#8220; custom_padding_last_edited=&#8220;on|tablet&#8220; module_class=&#8220; wa-vertical-center-section wa-subpages-hero-section&#8220; _builder_version=&#8220;4.16&#8243; width=&#8220;100%&#8220; width_tablet=&#8220;100%&#8220; width_phone=&#8220;&#8220; width_last_edited=&#8220;on|phone&#8220; custom_padding=&#8220;9px||||false|false&#8220; custom_padding_tablet=&#8220;||0px||false|false&#8220; custom_padding_phone=&#8220;&#8220; global_colors_info=&#8220;{}&#8220; custom_css_before_last_edited=&#8220;on|desktop&#8220;][et_pb_column type=&#8220;1_2&#8243; _builder_version=&#8220;4.16&#8243; animation_style=&#8220;slide&#8220; animation_direction=&#8220;left&#8220; animation_duration=&#8220;1500ms&#8220; global_colors_info=&#8220;{}&#8220;][et_pb_image src=&#8220;https:\/\/www.apartments-faakersee.at\/wp-content\/uploads\/2020\/06\/wasserrattenaaufgepasst.jpg&#8220; alt=&#8220;Ein Mensch tippt am Handy etwas ein.&#8220; title_text=&#8220;wasserrattenaaufgepasst&#8220; align=&#8220;center&#8220; align_tablet=&#8220;&#8220; align_phone=&#8220;&#8220; align_last_edited=&#8220;on|tablet&#8220; _builder_version=&#8220;4.18.0&#8243; global_colors_info=&#8220;{}&#8220;][\/et_pb_image][\/et_pb_column][et_pb_column type=&#8220;1_2&#8243; _builder_version=&#8220;4.16&#8243; custom_padding=&#8220;||||false|false&#8220; custom_padding_tablet=&#8220;|||0px|false|false&#8220; custom_padding_phone=&#8220;&#8220; custom_padding_last_edited=&#8220;on|tablet&#8220; animation_style=&#8220;slide&#8220; animation_direction=&#8220;right&#8220; animation_duration=&#8220;1500ms&#8220; global_colors_info=&#8220;{}&#8220;][et_pb_text module_class=&#8220;wa-simplonMono&#8220; _builder_version=&#8220;4.18.0&#8243; text_font=&#8220;|700||on|||||&#8220; text_font_size=&#8220;13px&#8220; text_letter_spacing=&#8220;3.6px&#8220; text_line_height=&#8220;25px&#8220; text_orientation=&#8220;center&#8220; custom_margin=&#8220;||7px|||&#8220; text_orientation_tablet=&#8220;center&#8220; text_orientation_phone=&#8220;&#8220; text_orientation_last_edited=&#8220;on|tablet&#8220; locked=&#8220;off&#8220; global_colors_info=&#8220;{}&#8220;]<\/p>\n<p>Wassersport<\/p>\n<p>[\/et_pb_text][et_pb_text module_class=&#8220;wa-simplonMono&#8220; _builder_version=&#8220;4.16&#8243; text_font=&#8220;|700||on|||||&#8220; text_font_size=&#8220;18px&#8220; text_line_height=&#8220;25px&#8220; header_font=&#8220;|700|||||||&#8220; header_text_align=&#8220;center&#8220; header_font_size=&#8220;50px&#8220; header_line_height=&#8220;65px&#8220; header_3_font=&#8220;|700|||||||&#8220; header_3_text_align=&#8220;left&#8220; header_3_font_size=&#8220;50px&#8220; header_3_line_height=&#8220;65px&#8220; width=&#8220;100%&#8220; width_tablet=&#8220;100%&#8220; width_phone=&#8220;&#8220; width_last_edited=&#8220;on|tablet&#8220; custom_margin=&#8220;||1px|||&#8220; header_text_align_tablet=&#8220;center&#8220; header_text_align_phone=&#8220;&#8220; header_text_align_last_edited=&#8220;on|tablet&#8220; header_font_size_tablet=&#8220;40px&#8220; header_font_size_phone=&#8220;40px&#8220; header_font_size_last_edited=&#8220;on|phone&#8220; header_3_text_align_tablet=&#8220;center&#8220; header_3_text_align_phone=&#8220;&#8220; header_3_text_align_last_edited=&#8220;on|tablet&#8220; header_3_font_size_tablet=&#8220;40px&#8220; header_3_font_size_phone=&#8220;40px&#8220; header_3_font_size_last_edited=&#8220;on|phone&#8220; text_orientation_tablet=&#8220;&#8220; text_orientation_phone=&#8220;&#8220; text_orientation_last_edited=&#8220;on|desktop&#8220; locked=&#8220;off&#8220; global_colors_info=&#8220;{}&#8220;]<\/p>\n<h1>Die besten Wasseraktivit\u00e4ten am Faaker See\u00a0<\/h1>\n<p>[\/et_pb_text][\/et_pb_column][\/et_pb_row][\/et_pb_section][et_pb_section fb_built=&#8220;1&#8243; _builder_version=&#8220;4.16&#8243; custom_padding=&#8220;0px||4px|||&#8220; global_colors_info=&#8220;{}&#8220;][et_pb_row custom_padding_last_edited=&#8220;on|phone&#8220; _builder_version=&#8220;4.16&#8243; background_color=&#8220;#d5d7d4&#8243; width=&#8220;100%&#8220; width_tablet=&#8220;95%&#8220; width_phone=&#8220;&#8220; width_last_edited=&#8220;on|tablet&#8220; max_width=&#8220;1250px&#8220; custom_padding=&#8220;100px|140px|100px|140px|true|true&#8220; custom_padding_tablet=&#8220;80px|35px|80px|35px|true|true&#8220; custom_padding_phone=&#8220;|10px||10px|true|true&#8220; global_colors_info=&#8220;{}&#8220; width__hover_enabled=&#8220;off|hover&#8220;][et_pb_column type=&#8220;4_4&#8243; _builder_version=&#8220;4.16&#8243; global_colors_info=&#8220;{}&#8220;][et_pb_text _builder_version=&#8220;4.18.0&#8243; text_line_height=&#8220;28px&#8220; width_tablet=&#8220;87%&#8220; width_phone=&#8220;83%&#8220; width_last_edited=&#8220;on|tablet&#8220; module_alignment=&#8220;left&#8220; custom_margin=&#8220;0px||55px||false|false&#8220; text_font_size_tablet=&#8220;17px&#8220; text_font_size_phone=&#8220;17px&#8220; text_font_size_last_edited=&#8220;on|tablet&#8220; text_orientation_tablet=&#8220;center&#8220; text_orientation_phone=&#8220;&#8220; text_orientation_last_edited=&#8220;on|tablet&#8220; module_alignment_tablet=&#8220;center&#8220; module_alignment_phone=&#8220;&#8220; module_alignment_last_edited=&#8220;on|tablet&#8220; locked=&#8220;off&#8220; global_colors_info=&#8220;{}&#8220;]<\/p>\n<p>Der Faaker See ist ein wahres Paradies f\u00fcr alle, die Wasser und insbesondere Wassersportarten lieben. Egal ob Sie lieber klassisch ein paar Runden schwimmen oder mit dem Kajak \u00fcbers Wasser rudern, der Faaker See bietet ein schier endloses Angebot an Sportm\u00f6glichkeiten f\u00fcr jede Altersklasse.<\/p>\n<p>Als perfekter Ausgangspunkt f\u00fcr all Ihre Unternehmungen dienen unsere Apartments direkt am Faaker See. Durch die perfekte Lage mit eigenem Badestrand und Wasserzugang sind Sie mit einem Wimpernschlag im k\u00fchlen Nass. Die Apartments selbst verf\u00fcgen zudem \u00fcber gen\u00fcgend Platz, um all Ihre Sportutensilien sicher unterzubringen.<\/p>\n<p>[\/et_pb_text][\/et_pb_column][\/et_pb_row][\/et_pb_section][et_pb_section fb_built=&#8220;1&#8243; _builder_version=&#8220;4.16&#8243; global_colors_info=&#8220;{}&#8220;][et_pb_row _builder_version=&#8220;4.16&#8243; global_colors_info=&#8220;{}&#8220;][et_pb_column type=&#8220;4_4&#8243; _builder_version=&#8220;4.16&#8243; global_colors_info=&#8220;{}&#8220;][et_pb_text _builder_version=&#8220;4.18.0&#8243; global_colors_info=&#8220;{}&#8220;]<\/p>\n<h2>Badespa\u00df am eigenen Strand<\/h2>\n<p>[\/et_pb_text][et_pb_text _builder_version=&#8220;4.18.0&#8243; global_colors_info=&#8220;{}&#8220;]<\/p>\n<p>Es geht doch nichts \u00fcber einen Sprung ins k\u00fchle Nass an einem hei\u00dfen Sommertag! Von unserem Badesteg aus ist das zu jeder Tageszeit problemlos m\u00f6glich. Denn der Seezugang inkl. Liegewiese ist direkt neben der Unterkunft und kann von unseren G\u00e4sten kostenlos gen\u00fctzt werden.<\/p>\n<p>Sie k\u00f6nnen frei entscheiden, ob Sie sich nur einmal kurz abk\u00fchlen, eine paar Runden schwimmen oder den ganzen Tagen auf unserer Liegewiese entspannen und eine sch\u00f6ne Zeit mit Ihren Liebsten verbringen wollen. Ausreichend Liegest\u00fchle und Sonnenschirme stehen Ihnen kostenlos zur Verf\u00fcgung. Au\u00dferdem befindet sich neben unserem Apartmenthaus ein \u00f6ffentliches Strandbad mit Imbiss.<\/p>\n<p>[\/et_pb_text][\/et_pb_column][\/et_pb_row][et_pb_row column_structure=&#8220;1_2,1_2&#8243; _builder_version=&#8220;4.16&#8243; global_colors_info=&#8220;{}&#8220;][et_pb_column type=&#8220;1_2&#8243; _builder_version=&#8220;4.16&#8243; global_colors_info=&#8220;{}&#8220;][et_pb_text _builder_version=&#8220;4.18.0&#8243; global_colors_info=&#8220;{}&#8220;]<\/p>\n<h3>Mit dem Stand-up-Paddle auf Entdeckungsreise<\/h3>\n<p>[\/et_pb_text][et_pb_text _builder_version=&#8220;4.18.0&#8243; global_colors_info=&#8220;{}&#8220;]<\/p>\n<p>Eine der angesagtesten Wassersportarten aktuell ist das Stand-up-Paddling. Es erfordert einen guten Gleichgewichtssinn gepaart mit Kraft im Rumpf und ist verbunden mit einem hohen Spa\u00dffaktor. Am Faaker See gibt es f\u00fcr die Liebhaber dieser Sportart kostenfreie Seezug\u00e4nge. Eine Auflistung finden Sie hier: <a href=\"https:\/\/www.visitvillach.at\/de\/kostenfreie-seezugaenge.html\">kostenfreie Seezug\u00e4ng<\/a>e.<\/p>\n<p>Kein Problem, wenn Sie sich selbst noch kein Board angeschafft haben, das Vergn\u00fcgen aber gerne einmal ausprobieren m\u00f6chten. In der Region finden sich zahlreiche Verleihstationen, die teilweise auch Kurse f\u00fcr Anf\u00e4nger anbieten. Eine Liste finden Sie hier: <a href=\"https:\/\/www.paddelstadt.at\/paddelanbieter\/\">Paddelverleih<\/a> .<\/p>\n<p>Ein besonderes Highlight ist die Veranstaltung \u201eSUP Alps Trophy\u201c am Faaker See. Bei dieser k\u00f6nnen sich Stand-up-Paddle-Begeisterte messen und ihr K\u00f6nnen unter Beweis stellen. Zus\u00e4tzlich wird ein attraktives Rahmenprogramm und Live-Musik geboten. Lassen Sie sich von dem ganz besonderen Flair mitrei\u00dfen und verbringen Sie sch\u00f6ne Stunden am Faaker See.<\/p>\n<p>[\/et_pb_text][\/et_pb_column][et_pb_column type=&#8220;1_2&#8243; _builder_version=&#8220;4.16&#8243; global_colors_info=&#8220;{}&#8220;][et_pb_image src=&#8220;https:\/\/www.apartments-faakersee.at\/wp-content\/uploads\/2022\/09\/SUP.jpg&#8220; alt=&#8220;Ein Koffer liegt auf der Bank im Business Apartment&#8220; title_text=&#8220;SUP&#8220; _builder_version=&#8220;4.18.0&#8243; global_colors_info=&#8220;{}&#8220;][\/et_pb_image][\/et_pb_column][\/et_pb_row][et_pb_row _builder_version=&#8220;4.16&#8243; global_colors_info=&#8220;{}&#8220;][et_pb_column type=&#8220;4_4&#8243; _builder_version=&#8220;4.16&#8243; global_colors_info=&#8220;{}&#8220;][et_pb_text _builder_version=&#8220;4.18.0&#8243; global_colors_info=&#8220;{}&#8220;]<\/p>\n<h3>Natuerlebnis Angeln<\/h3>\n<p>[\/et_pb_text][et_pb_text _builder_version=&#8220;4.18.0&#8243; global_colors_info=&#8220;{}&#8220;]<\/p>\n<p>Die Region mit ihren vielen Fl\u00fcssen und Seen ist ein wahrer Traum f\u00fcr alle Angelfans und bietet Ihnen zahlreiche M\u00f6glichkeiten, um einen guten Fang zu machen. Dazu kommen noch die unvergleichliche Kulisse des t\u00fcrkisblauen Faaker Sees, die ruhige Wasserlandschaft und die atemberaubende Aussicht auf die umliegende Berglandschaft, was das Angeln zu einem besonderen Erlebnis macht.<\/p>\n<p>Unerheblich ob Sie lieber klassisch Angeln, Spinn- oder Fliegenfischen, die Region bietet Hobby- wie auch Profianglern eine perfekte Ausgangslage f\u00fcr einen unvergesslichen Anglertag. Eine kompetente Anlaufstelle rund ums Thema Angeln stellt etwa in der N\u00e4he die Campingwelt und Fischertreff Falle am Stadtrand von Villach dar.<\/p>\n<p>[\/et_pb_text][\/et_pb_column][\/et_pb_row][et_pb_row _builder_version=&#8220;4.16&#8243; global_colors_info=&#8220;{}&#8220;][et_pb_column type=&#8220;4_4&#8243; _builder_version=&#8220;4.16&#8243; global_colors_info=&#8220;{}&#8220;][et_pb_text _builder_version=&#8220;4.18.0&#8243; global_colors_info=&#8220;{}&#8220;]<\/p>\n<h3>Bootserlebnis am Faaker See<\/h3>\n<p>[\/et_pb_text][et_pb_text _builder_version=&#8220;4.18.0&#8243; global_colors_info=&#8220;{}&#8220;]<\/p>\n<p>Was gibt es Romantischeres als eine Ausfahrt mit dem Tret- oder Elektroboot? Sie k\u00f6nnen entspannt die Atmosph\u00e4re genie\u00dfen und sich zwischenzeitlich bei einem Sprung ins k\u00fchle Nass erfrischen. Besonders zu empfehlen sind Bootsausfl\u00fcge am Faaker See im Fr\u00fchling oder Herbst. Dabei kann man gem\u00fctlich am See entlangschippern und die Ruhe voll auskosten.<\/p>\n<p>Rund um den Faaker See finden Sie etliche M\u00f6glichkeiten, wo Sie sich einfach ein Tret-, Elektro- oder auch Ruderboot ausleihen k\u00f6nnen. Auf Anfrage ist sogar ein Wassertaxi verf\u00fcgbar. Eine Liste der Bootsverleihstellen finden Sie hier: <a href=\"http:\/\/www.faakersee.net\/index.php\/de\/sommer\/bootsverleih\">Bootsverleih<\/a>\u00a0<\/p>\n<p>[\/et_pb_text][\/et_pb_column][\/et_pb_row][\/et_pb_section][et_pb_section fb_built=&#8220;1&#8243; _builder_version=&#8220;4.16&#8243; custom_padding=&#8220;0px||4px|||&#8220; global_colors_info=&#8220;{}&#8220;][et_pb_row custom_padding_last_edited=&#8220;on|phone&#8220; _builder_version=&#8220;4.16&#8243; background_color=&#8220;#d5d7d4&#8243; width=&#8220;100%&#8220; width_tablet=&#8220;95%&#8220; width_phone=&#8220;&#8220; width_last_edited=&#8220;on|tablet&#8220; max_width=&#8220;1250px&#8220; custom_padding=&#8220;100px|140px|100px|140px|true|true&#8220; custom_padding_tablet=&#8220;80px|35px|80px|35px|true|true&#8220; custom_padding_phone=&#8220;|10px||10px|true|true&#8220; global_colors_info=&#8220;{}&#8220; width__hover_enabled=&#8220;off|hover&#8220;][et_pb_column type=&#8220;4_4&#8243; _builder_version=&#8220;4.16&#8243; global_colors_info=&#8220;{}&#8220;][et_pb_text _builder_version=&#8220;4.18.0&#8243; text_line_height=&#8220;28px&#8220; width_tablet=&#8220;87%&#8220; width_phone=&#8220;83%&#8220; width_last_edited=&#8220;on|tablet&#8220; module_alignment=&#8220;left&#8220; custom_margin=&#8220;0px||55px||false|false&#8220; text_font_size_tablet=&#8220;17px&#8220; text_font_size_phone=&#8220;17px&#8220; text_font_size_last_edited=&#8220;on|tablet&#8220; text_orientation_tablet=&#8220;center&#8220; text_orientation_phone=&#8220;&#8220; text_orientation_last_edited=&#8220;on|tablet&#8220; module_alignment_tablet=&#8220;center&#8220; module_alignment_phone=&#8220;&#8220; module_alignment_last_edited=&#8220;on|tablet&#8220; locked=&#8220;off&#8220; global_colors_info=&#8220;{}&#8220;]<\/p>\n<p>Lust auf jede Menge Wasseraktivit\u00e4ten? <a href=\"https:\/\/www.apartments-faakersee.at\/buchen\/\">Buchen Sie noch ein heute Ihre Unterkunft am Faaker See und erleben Sie den perfekten Badeurlaub!<\/a><\/p>\n<p>[\/et_pb_text][\/et_pb_column][\/et_pb_row][\/et_pb_section][et_pb_section fb_built=&#8220;1&#8243; _builder_version=&#8220;4.4.3&#8243; background_color=&#8220;#d5d7d4&#8243; custom_margin=&#8220;100px|||||&#8220; custom_padding=&#8220;||||false|false&#8220; border_width_top=&#8220;1px&#8220; global_module=&#8220;1486&#8243; collapsed=&#8220;off&#8220; global_colors_info=&#8220;{}&#8220;][et_pb_row module_class=&#8220;wa-footer-newsletter-section&#8220; _builder_version=&#8220;4.16&#8243; background_size=&#8220;initial&#8220; background_position=&#8220;top_left&#8220; background_repeat=&#8220;repeat&#8220; module_alignment=&#8220;center&#8220; global_colors_info=&#8220;{}&#8220;][et_pb_column type=&#8220;4_4&#8243; _builder_version=&#8220;4.16&#8243; global_colors_info=&#8220;{}&#8220;][et_pb_text _builder_version=&#8220;4.16&#8243; text_font=&#8220;|||on|||||&#8220; text_text_color=&#8220;#000000&#8243; text_font_size=&#8220;13px&#8220; text_letter_spacing=&#8220;1.86px&#8220; text_line_height=&#8220;19px&#8220; header_text_color=&#8220;#000000&#8243; header_font_size=&#8220;50px&#8220; header_2_font=&#8220;|700|||||||&#8220; header_2_text_color=&#8220;#000000&#8243; header_2_font_size=&#8220;50px&#8220; global_colors_info=&#8220;{}&#8220;]<\/p>\n<h2>Newsletter<\/h2>\n<p>MELDE DICH BEI UNSEREM NEWSLETTER AN UM IMMER \u00dcBER AKTUELLE NEWS UND ANGEBOTE INFORMIERT ZU BLEIBEN<\/p>\n<p>[\/et_pb_text][et_pb_code _builder_version=&#8220;4.16&#8243; global_colors_info=&#8220;{}&#8220;]<script id=\"n2g_script\">!function(e,t,n,c,r,a,i){e.Newsletter2GoTrackingObject=r,e[r]=e[r]||function(){(e[r].q=e[r].q||[]).push(arguments)},e[r].l=1*new Date,a=t.createElement(n),i=t.getElementsByTagName(n)[0],a.async=1,a.src=c,i.parentNode.insertBefore(a,i)}(window,document,\"script\",\"https:\/\/static.newsletter2go.com\/utils.js\",\"n2g\");var config = {\"container\": {\"type\": \"div\",\"class\": \"\",\"style\": \"\"},\"row\": {\"type\": \"div\",\"class\": \"\",\"style\": \"margin-top: 15px;\"},\"columnLeft\": {\"type\": \"div\",\"class\": \"\",\"style\": \"\"},\"columnRight\": {\"type\": \"div\",\"class\": \"\",\"style\": \"\"},\"label\": {\"type\": \"label\",\"class\": \"\",\"style\": \"\"}};n2g('create', 'ut1m3fer-k96mt4nb-igs');n2g('subscribe:createForm', config);<\/script>[\/et_pb_code][\/et_pb_column][\/et_pb_row][\/et_pb_section]<\/p>\n","protected":false},"excerpt":{"rendered":"<p>WassersportDie besten Wasseraktivit\u00e4ten am Faaker See\u00a0Der Faaker See ist ein wahres Paradies f\u00fcr alle, die Wasser und insbesondere Wassersportarten lieben. Egal ob Sie lieber klassisch ein paar Runden schwimmen oder mit dem Kajak \u00fcbers Wasser rudern, der Faaker See bietet ein schier endloses Angebot an Sportm\u00f6glichkeiten f\u00fcr jede Altersklasse. Als perfekter Ausgangspunkt f\u00fcr all Ihre [&hellip;]<\/p>\n","protected":false},"author":1,"featured_media":0,"parent":0,"menu_order":0,"comment_status":"closed","ping_status":"closed","template":"","meta":{"_et_pb_use_builder":"on","_et_pb_old_content":"","_et_gb_content_width":"","footnotes":""},"class_list":["post-5372","page","type-page","status-publish","hentry"],"yoast_head":"<!-- This site is optimized with the Yoast SEO plugin v27.4 - https:\/\/yoast.com\/product\/yoast-seo-wordpress\/ -->\n<title>Wasseraktivit\u00e4ten am Faaker See: Spa\u00df im Wasser<\/title>\n<meta name=\"description\" content=\"Wer Wasseraktivt\u00e4ten liebt, ist am Faaker See genau richtig. Hier gibt es zahlreiche M\u00f6glichkeiten von Schwimmen bis hin zu Kajak fahren.\" \/>\n<meta name=\"robots\" content=\"index, follow, max-snippet:-1, max-image-preview:large, max-video-preview:-1\" \/>\n<link rel=\"canonical\" href=\"https:\/\/www.apartments-faakersee.at\/en\/wasseraktivitaeten\/\" \/>\n<meta property=\"og:locale\" content=\"en_GB\" \/>\n<meta property=\"og:type\" content=\"article\" \/>\n<meta property=\"og:title\" content=\"Wasseraktivit\u00e4ten am Faaker See: Spa\u00df im Wasser\" \/>\n<meta property=\"og:description\" content=\"Wer Wasseraktivt\u00e4ten liebt, ist am Faaker See genau richtig. Hier gibt es zahlreiche M\u00f6glichkeiten von Schwimmen bis hin zu Kajak fahren.\" \/>\n<meta property=\"og:url\" content=\"https:\/\/www.apartments-faakersee.at\/en\/wasseraktivitaeten\/\" \/>\n<meta property=\"og:site_name\" content=\"Apart of me Faaker See\" \/>\n<meta property=\"article:modified_time\" content=\"2022-09-07T10:16:17+00:00\" \/>\n<meta property=\"og:image\" content=\"https:\/\/www.apartments-faakersee.at\/wp-content\/uploads\/2021\/04\/logo-faaker-see-favi.png\" \/>\n\t<meta property=\"og:image:width\" content=\"500\" \/>\n\t<meta property=\"og:image:height\" content=\"500\" \/>\n\t<meta property=\"og:image:type\" content=\"image\/png\" \/>\n<meta name=\"twitter:card\" content=\"summary_large_image\" \/>\n<meta name=\"twitter:label1\" content=\"Est. reading time\" \/>\n\t<meta name=\"twitter:data1\" content=\"6 minutes\" \/>\n<script type=\"application\/ld+json\" class=\"yoast-schema-graph\">{\"@context\":\"https:\\\/\\\/schema.org\",\"@graph\":[{\"@type\":\"WebPage\",\"@id\":\"https:\\\/\\\/www.apartments-faakersee.at\\\/wasseraktivitaeten\\\/\",\"url\":\"https:\\\/\\\/www.apartments-faakersee.at\\\/wasseraktivitaeten\\\/\",\"name\":\"Wasseraktivit\u00e4ten am Faaker See: Spa\u00df im Wasser\",\"isPartOf\":{\"@id\":\"https:\\\/\\\/www.apartments-faakersee.at\\\/#website\"},\"datePublished\":\"2022-09-07T07:21:32+00:00\",\"dateModified\":\"2022-09-07T10:16:17+00:00\",\"description\":\"Wer Wasseraktivt\u00e4ten liebt, ist am Faaker See genau richtig. Hier gibt es zahlreiche M\u00f6glichkeiten von Schwimmen bis hin zu Kajak fahren.\",\"breadcrumb\":{\"@id\":\"https:\\\/\\\/www.apartments-faakersee.at\\\/wasseraktivitaeten\\\/#breadcrumb\"},\"inLanguage\":\"en-GB\",\"potentialAction\":[{\"@type\":\"ReadAction\",\"target\":[\"https:\\\/\\\/www.apartments-faakersee.at\\\/wasseraktivitaeten\\\/\"]}]},{\"@type\":\"BreadcrumbList\",\"@id\":\"https:\\\/\\\/www.apartments-faakersee.at\\\/wasseraktivitaeten\\\/#breadcrumb\",\"itemListElement\":[{\"@type\":\"ListItem\",\"position\":1,\"name\":\"Startseite\",\"item\":\"https:\\\/\\\/www.apartments-faakersee.at\\\/it\\\/\"},{\"@type\":\"ListItem\",\"position\":2,\"name\":\"Wasseraktivit\u00e4ten\"}]},{\"@type\":\"WebSite\",\"@id\":\"https:\\\/\\\/www.apartments-faakersee.at\\\/#website\",\"url\":\"https:\\\/\\\/www.apartments-faakersee.at\\\/\",\"name\":\"Apart of me Faaker See\",\"description\":\"Ihre Wohlf\u00fchloase am Faaker See\",\"publisher\":{\"@id\":\"https:\\\/\\\/www.apartments-faakersee.at\\\/#organization\"},\"potentialAction\":[{\"@type\":\"SearchAction\",\"target\":{\"@type\":\"EntryPoint\",\"urlTemplate\":\"https:\\\/\\\/www.apartments-faakersee.at\\\/?s={search_term_string}\"},\"query-input\":{\"@type\":\"PropertyValueSpecification\",\"valueRequired\":true,\"valueName\":\"search_term_string\"}}],\"inLanguage\":\"en-GB\"},{\"@type\":\"Organization\",\"@id\":\"https:\\\/\\\/www.apartments-faakersee.at\\\/#organization\",\"name\":\"Apartments Villach\",\"url\":\"https:\\\/\\\/www.apartments-faakersee.at\\\/\",\"logo\":{\"@type\":\"ImageObject\",\"inLanguage\":\"en-GB\",\"@id\":\"https:\\\/\\\/www.apartments-faakersee.at\\\/#\\\/schema\\\/logo\\\/image\\\/\",\"url\":\"https:\\\/\\\/www.apartments-faakersee.at\\\/wp-content\\\/uploads\\\/2017\\\/11\\\/cropped-Apartments-Villach-Logo.png\",\"contentUrl\":\"https:\\\/\\\/www.apartments-faakersee.at\\\/wp-content\\\/uploads\\\/2017\\\/11\\\/cropped-Apartments-Villach-Logo.png\",\"width\":512,\"height\":512,\"caption\":\"Apartments Villach\"},\"image\":{\"@id\":\"https:\\\/\\\/www.apartments-faakersee.at\\\/#\\\/schema\\\/logo\\\/image\\\/\"}}]}<\/script>\n<!-- \/ Yoast SEO plugin. -->","yoast_head_json":{"title":"Water activities at Lake Faak: fun in the water","description":"If you love water activities, Lake Faak is the right place for you. There are numerous options here, from swimming to kayaking.","robots":{"index":"index","follow":"follow","max-snippet":"max-snippet:-1","max-image-preview":"max-image-preview:large","max-video-preview":"max-video-preview:-1"},"canonical":"https:\/\/www.apartments-faakersee.at\/en\/wasseraktivitaeten\/","og_locale":"en_GB","og_type":"article","og_title":"Wasseraktivit\u00e4ten am Faaker See: Spa\u00df im Wasser","og_description":"Wer Wasseraktivt\u00e4ten liebt, ist am Faaker See genau richtig. Hier gibt es zahlreiche M\u00f6glichkeiten von Schwimmen bis hin zu Kajak fahren.","og_url":"https:\/\/www.apartments-faakersee.at\/en\/wasseraktivitaeten\/","og_site_name":"Apart of me Faaker See","article_modified_time":"2022-09-07T10:16:17+00:00","og_image":[{"width":500,"height":500,"url":"https:\/\/www.apartments-faakersee.at\/wp-content\/uploads\/2021\/04\/logo-faaker-see-favi.png","type":"image\/png"}],"twitter_card":"summary_large_image","twitter_misc":{"Est. reading time":"6 minutes"},"schema":{"@context":"https:\/\/schema.org","@graph":[{"@type":"WebPage","@id":"https:\/\/www.apartments-faakersee.at\/wasseraktivitaeten\/","url":"https:\/\/www.apartments-faakersee.at\/wasseraktivitaeten\/","name":"Water activities at Lake Faak: fun in the water","isPartOf":{"@id":"https:\/\/www.apartments-faakersee.at\/#website"},"datePublished":"2022-09-07T07:21:32+00:00","dateModified":"2022-09-07T10:16:17+00:00","description":"If you love water activities, Lake Faak is the right place for you. There are numerous options here, from swimming to kayaking.","breadcrumb":{"@id":"https:\/\/www.apartments-faakersee.at\/wasseraktivitaeten\/#breadcrumb"},"inLanguage":"en-GB","potentialAction":[{"@type":"ReadAction","target":["https:\/\/www.apartments-faakersee.at\/wasseraktivitaeten\/"]}]},{"@type":"BreadcrumbList","@id":"https:\/\/www.apartments-faakersee.at\/wasseraktivitaeten\/#breadcrumb","itemListElement":[{"@type":"ListItem","position":1,"name":"Startseite","item":"https:\/\/www.apartments-faakersee.at\/it\/"},{"@type":"ListItem","position":2,"name":"Wasseraktivit\u00e4ten"}]},{"@type":"WebSite","@id":"https:\/\/www.apartments-faakersee.at\/#website","url":"https:\/\/www.apartments-faakersee.at\/","name":"Apart from me Faaker See","description":"Your oasis of well-being on Lake Faak","publisher":{"@id":"https:\/\/www.apartments-faakersee.at\/#organization"},"potentialAction":[{"@type":"SearchAction","target":{"@type":"EntryPoint","urlTemplate":"https:\/\/www.apartments-faakersee.at\/?s={search_term_string}"},"query-input":{"@type":"PropertyValueSpecification","valueRequired":true,"valueName":"search_term_string"}}],"inLanguage":"en-GB"},{"@type":"Organization","@id":"https:\/\/www.apartments-faakersee.at\/#organization","name":"Flats Villach","url":"https:\/\/www.apartments-faakersee.at\/","logo":{"@type":"ImageObject","inLanguage":"en-GB","@id":"https:\/\/www.apartments-faakersee.at\/#\/schema\/logo\/image\/","url":"https:\/\/www.apartments-faakersee.at\/wp-content\/uploads\/2017\/11\/cropped-Apartments-Villach-Logo.png","contentUrl":"https:\/\/www.apartments-faakersee.at\/wp-content\/uploads\/2017\/11\/cropped-Apartments-Villach-Logo.png","width":512,"height":512,"caption":"Apartments Villach"},"image":{"@id":"https:\/\/www.apartments-faakersee.at\/#\/schema\/logo\/image\/"}}]}},"_links":{"self":[{"href":"https:\/\/www.apartments-faakersee.at\/en\/wp-json\/wp\/v2\/pages\/5372","targetHints":{"allow":["GET"]}}],"collection":[{"href":"https:\/\/www.apartments-faakersee.at\/en\/wp-json\/wp\/v2\/pages"}],"about":[{"href":"https:\/\/www.apartments-faakersee.at\/en\/wp-json\/wp\/v2\/types\/page"}],"author":[{"embeddable":true,"href":"https:\/\/www.apartments-faakersee.at\/en\/wp-json\/wp\/v2\/users\/1"}],"replies":[{"embeddable":true,"href":"https:\/\/www.apartments-faakersee.at\/en\/wp-json\/wp\/v2\/comments?post=5372"}],"version-history":[{"count":10,"href":"https:\/\/www.apartments-faakersee.at\/en\/wp-json\/wp\/v2\/pages\/5372\/revisions"}],"predecessor-version":[{"id":5388,"href":"https:\/\/www.apartments-faakersee.at\/en\/wp-json\/wp\/v2\/pages\/5372\/revisions\/5388"}],"wp:attachment":[{"href":"https:\/\/www.apartments-faakersee.at\/en\/wp-json\/wp\/v2\/media?parent=5372"}],"curies":[{"name":"wp","href":"https:\/\/api.w.org\/{rel}","templated":true}]}}