{"id":5431,"date":"2022-09-21T10:34:36","date_gmt":"2022-09-21T08:34:36","guid":{"rendered":"https:\/\/www.apartments-faakersee.at\/?page_id=5431"},"modified":"2022-09-21T15:26:30","modified_gmt":"2022-09-21T13:26:30","slug":"winter-am-faaker-see","status":"publish","type":"page","link":"https:\/\/www.apartments-faakersee.at\/en\/winter-am-faaker-see\/","title":{"rendered":"Winter at Lake Faak"},"content":{"rendered":"<p>[et_pb_section fb_built=&#8220;1&#8243; _builder_version=&#8220;4.16&#8243; max_width=&#8220;1440px&#8220; module_alignment=&#8220;center&#8220; custom_margin=&#8220;0px||||false|false&#8220; custom_padding=&#8220;0px||||false|false&#8220; locked=&#8220;off&#8220; global_colors_info=&#8220;{}&#8220;][et_pb_row column_structure=&#8220;1_2,1_2&#8243; make_equal=&#8220;on&#8220; custom_padding_last_edited=&#8220;on|tablet&#8220; module_class=&#8220; wa-vertical-center-section wa-subpages-hero-section&#8220; _builder_version=&#8220;4.18.0&#8243; width=&#8220;100%&#8220; width_tablet=&#8220;100%&#8220; width_phone=&#8220;&#8220; width_last_edited=&#8220;on|phone&#8220; custom_padding=&#8220;0px||||false|false&#8220; custom_padding_tablet=&#8220;||0px||false|false&#8220; custom_padding_phone=&#8220;&#8220; hover_enabled=&#8220;0&#8243; global_colors_info=&#8220;{}&#8220; custom_css_before_last_edited=&#8220;on|desktop&#8220; sticky_enabled=&#8220;0&#8243;][et_pb_column type=&#8220;1_2&#8243; _builder_version=&#8220;4.16&#8243; animation_style=&#8220;slide&#8220; animation_direction=&#8220;left&#8220; animation_duration=&#8220;1500ms&#8220; global_colors_info=&#8220;{}&#8220;][et_pb_image src=&#8220;https:\/\/www.apartments-faakersee.at\/wp-content\/uploads\/2022\/09\/skitouren_in_kaernten_nockberge_trail-web_f_Franz-Gerdl_c_Kaernten.jpeg&#8220; alt=&#8220;Ein Mensch tippt am Handy etwas ein.&#8220; title_text=&#8220;skitouren_in_kaernten_nockberge_trail-web_(f)_Franz-Gerdl_(c)_Kaernten&#8220; align=&#8220;center&#8220; align_tablet=&#8220;&#8220; align_phone=&#8220;&#8220; align_last_edited=&#8220;on|tablet&#8220; _builder_version=&#8220;4.18.0&#8243; global_colors_info=&#8220;{}&#8220;][\/et_pb_image][\/et_pb_column][et_pb_column type=&#8220;1_2&#8243; _builder_version=&#8220;4.16&#8243; custom_padding=&#8220;||||false|false&#8220; custom_padding_tablet=&#8220;|||0px|false|false&#8220; custom_padding_phone=&#8220;&#8220; custom_padding_last_edited=&#8220;on|tablet&#8220; animation_style=&#8220;slide&#8220; animation_direction=&#8220;right&#8220; animation_duration=&#8220;1500ms&#8220; global_colors_info=&#8220;{}&#8220;][et_pb_text module_class=&#8220;wa-simplonMono&#8220; _builder_version=&#8220;4.18.0&#8243; text_font=&#8220;|700||on|||||&#8220; text_font_size=&#8220;13px&#8220; text_letter_spacing=&#8220;3.6px&#8220; text_line_height=&#8220;25px&#8220; text_orientation=&#8220;center&#8220; custom_margin=&#8220;||7px|||&#8220; text_orientation_tablet=&#8220;center&#8220; text_orientation_phone=&#8220;&#8220; text_orientation_last_edited=&#8220;on|tablet&#8220; locked=&#8220;off&#8220; global_colors_info=&#8220;{}&#8220;]<\/p>\n<p>Winter<\/p>\n<p>[\/et_pb_text][et_pb_text module_class=&#8220;wa-simplonMono&#8220; _builder_version=&#8220;4.18.0&#8243; text_font=&#8220;|700||on|||||&#8220; text_font_size=&#8220;18px&#8220; text_line_height=&#8220;25px&#8220; header_font=&#8220;|700|||||||&#8220; header_text_align=&#8220;center&#8220; header_font_size=&#8220;50px&#8220; header_line_height=&#8220;65px&#8220; header_3_font=&#8220;|700|||||||&#8220; header_3_text_align=&#8220;left&#8220; header_3_font_size=&#8220;50px&#8220; header_3_line_height=&#8220;65px&#8220; width=&#8220;100%&#8220; width_tablet=&#8220;100%&#8220; width_phone=&#8220;&#8220; width_last_edited=&#8220;on|tablet&#8220; custom_margin=&#8220;||1px|||&#8220; header_text_align_tablet=&#8220;center&#8220; header_text_align_phone=&#8220;&#8220; header_text_align_last_edited=&#8220;on|tablet&#8220; header_font_size_tablet=&#8220;40px&#8220; header_font_size_phone=&#8220;40px&#8220; header_font_size_last_edited=&#8220;on|phone&#8220; header_3_text_align_tablet=&#8220;center&#8220; header_3_text_align_phone=&#8220;&#8220; header_3_text_align_last_edited=&#8220;on|tablet&#8220; header_3_font_size_tablet=&#8220;40px&#8220; header_3_font_size_phone=&#8220;40px&#8220; header_3_font_size_last_edited=&#8220;on|phone&#8220; text_orientation_tablet=&#8220;&#8220; text_orientation_phone=&#8220;&#8220; text_orientation_last_edited=&#8220;on|desktop&#8220; locked=&#8220;off&#8220; global_colors_info=&#8220;{}&#8220;]<\/p>\n<h1>Winter am Faaker See erleben<\/h1>\n<p>[\/et_pb_text][\/et_pb_column][\/et_pb_row][\/et_pb_section][et_pb_section fb_built=&#8220;1&#8243; _builder_version=&#8220;4.16&#8243; custom_padding=&#8220;0px||4px|||&#8220; global_colors_info=&#8220;{}&#8220;][et_pb_row custom_padding_last_edited=&#8220;on|phone&#8220; _builder_version=&#8220;4.16&#8243; background_color=&#8220;#d5d7d4&#8243; width=&#8220;100%&#8220; width_tablet=&#8220;95%&#8220; width_phone=&#8220;&#8220; width_last_edited=&#8220;on|tablet&#8220; max_width=&#8220;1250px&#8220; custom_padding=&#8220;100px|140px|100px|140px|true|true&#8220; custom_padding_tablet=&#8220;80px|35px|80px|35px|true|true&#8220; custom_padding_phone=&#8220;|10px||10px|true|true&#8220; global_colors_info=&#8220;{}&#8220; width__hover_enabled=&#8220;off|hover&#8220;][et_pb_column type=&#8220;4_4&#8243; _builder_version=&#8220;4.16&#8243; global_colors_info=&#8220;{}&#8220;][et_pb_text _builder_version=&#8220;4.18.0&#8243; text_line_height=&#8220;28px&#8220; width_tablet=&#8220;87%&#8220; width_phone=&#8220;83%&#8220; width_last_edited=&#8220;on|tablet&#8220; module_alignment=&#8220;left&#8220; custom_margin=&#8220;0px||55px||false|false&#8220; text_font_size_tablet=&#8220;17px&#8220; text_font_size_phone=&#8220;17px&#8220; text_font_size_last_edited=&#8220;on|tablet&#8220; text_orientation_tablet=&#8220;center&#8220; text_orientation_phone=&#8220;&#8220; text_orientation_last_edited=&#8220;on|tablet&#8220; module_alignment_tablet=&#8220;center&#8220; module_alignment_phone=&#8220;&#8220; module_alignment_last_edited=&#8220;on|tablet&#8220; locked=&#8220;off&#8220; global_colors_info=&#8220;{}&#8220;]<\/p>\n<p>Der Faaker See ist nicht nur im Sommer eine Reise wert, sondern die Region trumpft auch im Winter mit zahlreichen Wintersportm\u00f6glichkeiten auf. Egal ob Schneeschuhwandern, Eislaufen, Rodeln, Skitouren gehen, Langlaufen oder Skifahren, hier ist Spa\u00df und Unterhaltung f\u00fcr die gesamte Familie garantiert.<\/p>\n<p>In unseren gro\u00dfz\u00fcgig angelegten Apartments am Faaker See haben Sie gen\u00fcgend Platz f\u00fcr all Ihre Wintersportsachen. Zudem bieten wir Ihnen h\u00f6chsten Komfort, modernste Ausstattung und eine wundersch\u00f6ne Lage direkt am See. F\u00fcr Fragen rund um das Wintersportangebot in der Umgebung k\u00f6nnen Sie sich gerne an unsere Rezeption wenden.<\/p>\n<p>[\/et_pb_text][\/et_pb_column][\/et_pb_row][\/et_pb_section][et_pb_section fb_built=&#8220;1&#8243; _builder_version=&#8220;4.16&#8243; global_colors_info=&#8220;{}&#8220;][et_pb_row _builder_version=&#8220;4.16&#8243; global_colors_info=&#8220;{}&#8220;][et_pb_column type=&#8220;4_4&#8243; _builder_version=&#8220;4.16&#8243; global_colors_info=&#8220;{}&#8220;][et_pb_text _builder_version=&#8220;4.18.0&#8243; global_colors_info=&#8220;{}&#8220;]<\/p>\n<h2>Schneeschuhwandern in der Region Faaker See<\/h2>\n<p>[\/et_pb_text][et_pb_text _builder_version=&#8220;4.18.0&#8243; global_colors_info=&#8220;{}&#8220;]<\/p>\n<p>Die schneebedeckte Landschaft genie\u00dfen fernab vom Alltagsstress und mit einem atemberaubenden Bergpanorama \u2013 das ist es, was das Schneeschuhwandern in der Region rund um den Faaker See so besonders macht. Erkunden Sie heimische Berggipfel, verschneite Almlandschaften und herrliche Winterwanderwege.<\/p>\n<p>Anf\u00e4nger k\u00f6nnen einen gef\u00fchrten Einsteigerkurs am Dobratsch buchen. Des Weiteren gibt es dort Vollmond-Schneeschuhtouren mit ausgebildeten Rangern \u2013 ein unvergessliches Erlebnis f\u00fcr Jung und Alt. F\u00fcr alle, die dem Tal entschweben und gerne hoch hinaus m\u00f6chten, bietet sich eine Winterwanderung auf die \u00fcber 2000 Meter Seeh\u00f6he gelegene Gerlitzen Alpe an. Romantische Winterlandschaften finden Sie am Dreil\u00e4ndereck, dem Schnittpunkt zwischen K\u00e4rnten, Slowenien und Italien.<\/p>\n<p>[\/et_pb_text][\/et_pb_column][\/et_pb_row][et_pb_row column_structure=&#8220;1_2,1_2&#8243; _builder_version=&#8220;4.16&#8243; global_colors_info=&#8220;{}&#8220;][et_pb_column type=&#8220;1_2&#8243; _builder_version=&#8220;4.16&#8243; global_colors_info=&#8220;{}&#8220;][et_pb_text _builder_version=&#8220;4.18.0&#8243; global_colors_info=&#8220;{}&#8220;]<\/p>\n<h3>Nordischer Wintersport<\/h3>\n<p>[\/et_pb_text][et_pb_text _builder_version=&#8220;4.18.0&#8243; global_colors_info=&#8220;{}&#8220;]<\/p>\n<p>In unmittelbarer N\u00e4he des Dobratsch liegt die Villacher Alpen Arena. Das nordische Skisportzentrum verf\u00fcgt \u00fcber eine 5 Kilometer lange beschneite und beleuchtete Langlaufloipe. Dar\u00fcber hinaus gibt es eine 15, 30, 60 und 90 Meter hohe Sprungschanze vor Ort. Diese ist ganzj\u00e4hrig im Betrieb.<\/p>\n<p>Weitere Langlaufloipen in der Umgebung finden Sie unter anderem beim Hoteldorf Sch\u00f6nleitn, in Finkenstein sowie in St. Jakob im Rosental. Diese sind benutzbar, sofern es die Schneeverh\u00e4ltnisse erlauben. Ein weiteres nordisches Skisportzentrum befindet sich in der Gegend rund um Planica in Slowenien. Dieses ist nahe der \u00f6sterreichischen Grenze gelegen und mit dem Auto gut erreichbar.<\/p>\n<p>[\/et_pb_text][\/et_pb_column][et_pb_column type=&#8220;1_2&#8243; _builder_version=&#8220;4.16&#8243; global_colors_info=&#8220;{}&#8220;][et_pb_image src=&#8220;https:\/\/www.apartments-faakersee.at\/wp-content\/uploads\/2022\/09\/schneeschuhwanderung_wildtierbeobachtung_hohe_tauern-web_f_Franz-Gerdl_c_Kaernten-Werbung.jpeg&#8220; alt=&#8220;Ein Koffer liegt auf der Bank im Business Apartment&#8220; title_text=&#8220;schneeschuhwanderung_wildtierbeobachtung_hohe_tauern-web_(f)_Franz-Gerdl_(c)_Kaernten-Werbung&#8220; _builder_version=&#8220;4.18.0&#8243; global_colors_info=&#8220;{}&#8220;][\/et_pb_image][\/et_pb_column][\/et_pb_row][et_pb_row _builder_version=&#8220;4.16&#8243; global_colors_info=&#8220;{}&#8220;][et_pb_column type=&#8220;4_4&#8243; _builder_version=&#8220;4.16&#8243; global_colors_info=&#8220;{}&#8220;][et_pb_text _builder_version=&#8220;4.18.0&#8243; global_colors_info=&#8220;{}&#8220;]<\/p>\n<h3>Rodelspa\u00df f\u00fcr die ganze Familie<\/h3>\n<p>[\/et_pb_text][et_pb_text _builder_version=&#8220;4.18.0&#8243; global_colors_info=&#8220;{}&#8220;]<\/p>\n<p>Auf den Schlitten, fertig, los! Schlittenfahren in der Region um den Faaker See ist f\u00fcr Jung und Alt ein Erlebnis. Am\u00fcsieren Sie sich z. B. auf den rasanten Abfahrten \u00fcber die actionreichen H\u00fcgel des Dobratsch und genie\u00dfen Sie den frischen Wind, der Ihnen dabei um die Ohren weht.<\/p>\n<p>Insgesamt reicht das Angebot von gem\u00fctlichen bis hin zu temporeichen Strecken, von romantischen Waldwegen bis hin zu verschneiten Pisten mit Bergpanorama. Besonders Spa\u00df macht die Rodelpartie am Abend bei Beleuchtung und Punsch auf einer der gem\u00fctlichen H\u00fctten. Alle Rodelbahnen im \u00dcberblick finden Sie hier: <a href=\"https:\/\/www.visitvillach.at\/de\/rodeln.html\">Rodelbahnen<\/a><\/p>\n<p>[\/et_pb_text][\/et_pb_column][\/et_pb_row][et_pb_row _builder_version=&#8220;4.16&#8243; global_colors_info=&#8220;{}&#8220;][et_pb_column type=&#8220;4_4&#8243; _builder_version=&#8220;4.16&#8243; global_colors_info=&#8220;{}&#8220;][et_pb_text _builder_version=&#8220;4.18.0&#8243; global_colors_info=&#8220;{}&#8220;]<\/p>\n<h3>Skitouren<\/h3>\n<p>[\/et_pb_text][et_pb_text _builder_version=&#8220;4.18.0&#8243; global_colors_info=&#8220;{}&#8220;]<\/p>\n<p>Erklimmen Sie mit Ihren Tourenskiern die sch\u00f6nsten Gipfel rund um den Faaker See und genie\u00dfen Sie im Anschluss eine atemberaubende Abfahrt abseits der pr\u00e4parierten Pisten. Lassen Sie sich verzaubern vom herrlichen Ausblick auf die umliegenden Berge und der verschneiten Winterlandschaft.<\/p>\n<p>M\u00f6glichkeiten f\u00fcr eine ausgedehnte Skitour haben Sie auf der Gerlitzen Alpe, dem Dobratsch sowie am Dreil\u00e4ndereck. Die Einsteiger von Ihnen k\u00f6nnen einen gepr\u00fcften Bergf\u00fchrer buchen, der Sie auf der Skitour begleitet. Kontaktdaten und Tourenvorschl\u00e4ge finden Sie hier: <a href=\"https:\/\/www.visitvillach.at\/de\/skitouren.html\">Skitouren\u00a0<\/a>\u00a0<\/p>\n<p>[\/et_pb_text][\/et_pb_column][\/et_pb_row][et_pb_row _builder_version=&#8220;4.16&#8243; global_colors_info=&#8220;{}&#8220;][et_pb_column type=&#8220;4_4&#8243; _builder_version=&#8220;4.16&#8243; global_colors_info=&#8220;{}&#8220;][et_pb_text _builder_version=&#8220;4.18.0&#8243; global_colors_info=&#8220;{}&#8220;]<\/p>\n<h3>Eislaufen<\/h3>\n<p>[\/et_pb_text][et_pb_text _builder_version=&#8220;4.18.0&#8243; global_colors_info=&#8220;{}&#8220;]<\/p>\n<p>Winterzeit ist Eislaufzeit, vor allem in der Region rund um den Faaker See. Genie\u00dfen Sie einen erlebnisreichen und lustigen Tag mit der gesamten Familie auf den vielen Eisfl\u00e4chen in der Umgebung. Schlittschuhe an, M\u00fctze auf und schon kann es losgehen.<\/p>\n<p>Besonders schnell zu erreichen ist der Aichwaldsee, der nur wenige Fahrminuten von unseren Apartments entfernt liegt. Dieser ist meist sogar einer der ersten K\u00e4rntner Seen im Winter, der zum Eislaufen freigegeben wird. Weitere M\u00f6glichkeiten zum Eislaufen finden Sie am Silbersee, Ossiacher See oder in Villach am Rathausplatz sowie in der Stadthalle.<\/p>\n<p>[\/et_pb_text][\/et_pb_column][\/et_pb_row][\/et_pb_section][et_pb_section fb_built=&#8220;1&#8243; _builder_version=&#8220;4.16&#8243; custom_padding=&#8220;0px||4px|||&#8220; global_colors_info=&#8220;{}&#8220;][et_pb_row custom_padding_last_edited=&#8220;on|phone&#8220; _builder_version=&#8220;4.16&#8243; background_color=&#8220;#d5d7d4&#8243; width=&#8220;100%&#8220; width_tablet=&#8220;95%&#8220; width_phone=&#8220;&#8220; width_last_edited=&#8220;on|tablet&#8220; max_width=&#8220;1250px&#8220; custom_padding=&#8220;100px|140px|100px|140px|true|true&#8220; custom_padding_tablet=&#8220;80px|35px|80px|35px|true|true&#8220; custom_padding_phone=&#8220;|10px||10px|true|true&#8220; global_colors_info=&#8220;{}&#8220; width__hover_enabled=&#8220;off|hover&#8220;][et_pb_column type=&#8220;4_4&#8243; _builder_version=&#8220;4.16&#8243; global_colors_info=&#8220;{}&#8220;][et_pb_text _builder_version=&#8220;4.18.0&#8243; text_line_height=&#8220;28px&#8220; width_tablet=&#8220;87%&#8220; width_phone=&#8220;83%&#8220; width_last_edited=&#8220;on|tablet&#8220; module_alignment=&#8220;left&#8220; custom_margin=&#8220;0px||55px||false|false&#8220; text_font_size_tablet=&#8220;17px&#8220; text_font_size_phone=&#8220;17px&#8220; text_font_size_last_edited=&#8220;on|tablet&#8220; text_orientation_tablet=&#8220;center&#8220; text_orientation_phone=&#8220;&#8220; text_orientation_last_edited=&#8220;on|tablet&#8220; module_alignment_tablet=&#8220;center&#8220; module_alignment_phone=&#8220;&#8220; module_alignment_last_edited=&#8220;on|tablet&#8220; locked=&#8220;off&#8220; global_colors_info=&#8220;{}&#8220;]<\/p>\n<p>Sie wollen den Winter am Faaker See hautnah miterleben?\u00a0 <a href=\"https:\/\/www.apartments-faakersee.at\/buchen\/\" target=\"_blank\" rel=\"noopener noreferrer\">Checken Sie noch heute in Ihrem Apartment Faaker See ein.<\/a><\/p>\n<p>[\/et_pb_text][\/et_pb_column][\/et_pb_row][\/et_pb_section][et_pb_section fb_built=&#8220;1&#8243; _builder_version=&#8220;4.4.3&#8243; background_color=&#8220;#d5d7d4&#8243; custom_margin=&#8220;100px|||||&#8220; custom_padding=&#8220;||||false|false&#8220; border_width_top=&#8220;1px&#8220; global_module=&#8220;1486&#8243; collapsed=&#8220;off&#8220; global_colors_info=&#8220;{}&#8220;][et_pb_row module_class=&#8220;wa-footer-newsletter-section&#8220; _builder_version=&#8220;4.16&#8243; background_size=&#8220;initial&#8220; background_position=&#8220;top_left&#8220; background_repeat=&#8220;repeat&#8220; module_alignment=&#8220;center&#8220; global_colors_info=&#8220;{}&#8220;][et_pb_column type=&#8220;4_4&#8243; _builder_version=&#8220;4.16&#8243; global_colors_info=&#8220;{}&#8220;][et_pb_text _builder_version=&#8220;4.16&#8243; text_font=&#8220;|||on|||||&#8220; text_text_color=&#8220;#000000&#8243; text_font_size=&#8220;13px&#8220; text_letter_spacing=&#8220;1.86px&#8220; text_line_height=&#8220;19px&#8220; header_text_color=&#8220;#000000&#8243; header_font_size=&#8220;50px&#8220; header_2_font=&#8220;|700|||||||&#8220; header_2_text_color=&#8220;#000000&#8243; header_2_font_size=&#8220;50px&#8220; global_colors_info=&#8220;{}&#8220;]<\/p>\n<h2>Newsletter<\/h2>\n<p>MELDE DICH BEI UNSEREM NEWSLETTER AN UM IMMER \u00dcBER AKTUELLE NEWS UND ANGEBOTE INFORMIERT ZU BLEIBEN<\/p>\n<p>[\/et_pb_text][et_pb_code _builder_version=&#8220;4.16&#8243; global_colors_info=&#8220;{}&#8220;]<script id=\"n2g_script\">!function(e,t,n,c,r,a,i){e.Newsletter2GoTrackingObject=r,e[r]=e[r]||function(){(e[r].q=e[r].q||[]).push(arguments)},e[r].l=1*new Date,a=t.createElement(n),i=t.getElementsByTagName(n)[0],a.async=1,a.src=c,i.parentNode.insertBefore(a,i)}(window,document,\"script\",\"https:\/\/static.newsletter2go.com\/utils.js\",\"n2g\");var config = {\"container\": {\"type\": \"div\",\"class\": \"\",\"style\": \"\"},\"row\": {\"type\": \"div\",\"class\": \"\",\"style\": \"margin-top: 15px;\"},\"columnLeft\": {\"type\": \"div\",\"class\": \"\",\"style\": \"\"},\"columnRight\": {\"type\": \"div\",\"class\": \"\",\"style\": \"\"},\"label\": {\"type\": \"label\",\"class\": \"\",\"style\": \"\"}};n2g('create', 'ut1m3fer-k96mt4nb-igs');n2g('subscribe:createForm', config);<\/script>[\/et_pb_code][\/et_pb_column][\/et_pb_row][\/et_pb_section]<\/p>\n","protected":false},"excerpt":{"rendered":"<p>WinterWinter am Faaker See erlebenDer Faaker See ist nicht nur im Sommer eine Reise wert, sondern die Region trumpft auch im Winter mit zahlreichen Wintersportm\u00f6glichkeiten auf. Egal ob Schneeschuhwandern, Eislaufen, Rodeln, Skitouren gehen, Langlaufen oder Skifahren, hier ist Spa\u00df und Unterhaltung f\u00fcr die gesamte Familie garantiert. In unseren gro\u00dfz\u00fcgig angelegten Apartments am Faaker See haben [&hellip;]<\/p>\n","protected":false},"author":1,"featured_media":0,"parent":0,"menu_order":0,"comment_status":"closed","ping_status":"closed","template":"","meta":{"_et_pb_use_builder":"on","_et_pb_old_content":"","_et_gb_content_width":"","footnotes":""},"class_list":["post-5431","page","type-page","status-publish","hentry"],"yoast_head":"<!-- This site is optimized with the Yoast SEO plugin v27.4 - https:\/\/yoast.com\/product\/yoast-seo-wordpress\/ -->\n<title>Winter am Faaker See erleben - Apart of me<\/title>\n<meta name=\"description\" content=\"Wer den Winter am Faaker See liebt, ist hier genau richtig. Das Angebot reicht von Skifahren \u00fcber Schneeschuhwandern bis hin zu Eislaufen.\" \/>\n<meta name=\"robots\" content=\"index, follow, max-snippet:-1, max-image-preview:large, max-video-preview:-1\" \/>\n<link rel=\"canonical\" href=\"https:\/\/www.apartments-faakersee.at\/en\/winter-am-faaker-see\/\" \/>\n<meta property=\"og:locale\" content=\"en_GB\" \/>\n<meta property=\"og:type\" content=\"article\" \/>\n<meta property=\"og:title\" content=\"Winter am Faaker See erleben - Apart of me\" \/>\n<meta property=\"og:description\" content=\"Wer den Winter am Faaker See liebt, ist hier genau richtig. Das Angebot reicht von Skifahren \u00fcber Schneeschuhwandern bis hin zu Eislaufen.\" \/>\n<meta property=\"og:url\" content=\"https:\/\/www.apartments-faakersee.at\/en\/winter-am-faaker-see\/\" \/>\n<meta property=\"og:site_name\" content=\"Apart of me Faaker See\" \/>\n<meta property=\"article:modified_time\" content=\"2022-09-21T13:26:30+00:00\" \/>\n<meta property=\"og:image\" content=\"https:\/\/www.apartments-faakersee.at\/wp-content\/uploads\/2021\/04\/logo-faaker-see-favi.png\" \/>\n\t<meta property=\"og:image:width\" content=\"500\" \/>\n\t<meta property=\"og:image:height\" content=\"500\" \/>\n\t<meta property=\"og:image:type\" content=\"image\/png\" \/>\n<meta name=\"twitter:card\" content=\"summary_large_image\" \/>\n<meta name=\"twitter:label1\" content=\"Est. reading time\" \/>\n\t<meta name=\"twitter:data1\" content=\"6 minutes\" \/>\n<script type=\"application\/ld+json\" class=\"yoast-schema-graph\">{\"@context\":\"https:\\\/\\\/schema.org\",\"@graph\":[{\"@type\":\"WebPage\",\"@id\":\"https:\\\/\\\/www.apartments-faakersee.at\\\/winter-am-faaker-see\\\/\",\"url\":\"https:\\\/\\\/www.apartments-faakersee.at\\\/winter-am-faaker-see\\\/\",\"name\":\"Winter am Faaker See erleben - Apart of me\",\"isPartOf\":{\"@id\":\"https:\\\/\\\/www.apartments-faakersee.at\\\/#website\"},\"datePublished\":\"2022-09-21T08:34:36+00:00\",\"dateModified\":\"2022-09-21T13:26:30+00:00\",\"description\":\"Wer den Winter am Faaker See liebt, ist hier genau richtig. Das Angebot reicht von Skifahren \u00fcber Schneeschuhwandern bis hin zu Eislaufen.\",\"breadcrumb\":{\"@id\":\"https:\\\/\\\/www.apartments-faakersee.at\\\/winter-am-faaker-see\\\/#breadcrumb\"},\"inLanguage\":\"en-GB\",\"potentialAction\":[{\"@type\":\"ReadAction\",\"target\":[\"https:\\\/\\\/www.apartments-faakersee.at\\\/winter-am-faaker-see\\\/\"]}]},{\"@type\":\"BreadcrumbList\",\"@id\":\"https:\\\/\\\/www.apartments-faakersee.at\\\/winter-am-faaker-see\\\/#breadcrumb\",\"itemListElement\":[{\"@type\":\"ListItem\",\"position\":1,\"name\":\"Startseite\",\"item\":\"https:\\\/\\\/www.apartments-faakersee.at\\\/it\\\/\"},{\"@type\":\"ListItem\",\"position\":2,\"name\":\"Winter am Faaker See\"}]},{\"@type\":\"WebSite\",\"@id\":\"https:\\\/\\\/www.apartments-faakersee.at\\\/#website\",\"url\":\"https:\\\/\\\/www.apartments-faakersee.at\\\/\",\"name\":\"Apart of me Faaker See\",\"description\":\"Ihre Wohlf\u00fchloase am Faaker See\",\"publisher\":{\"@id\":\"https:\\\/\\\/www.apartments-faakersee.at\\\/#organization\"},\"potentialAction\":[{\"@type\":\"SearchAction\",\"target\":{\"@type\":\"EntryPoint\",\"urlTemplate\":\"https:\\\/\\\/www.apartments-faakersee.at\\\/?s={search_term_string}\"},\"query-input\":{\"@type\":\"PropertyValueSpecification\",\"valueRequired\":true,\"valueName\":\"search_term_string\"}}],\"inLanguage\":\"en-GB\"},{\"@type\":\"Organization\",\"@id\":\"https:\\\/\\\/www.apartments-faakersee.at\\\/#organization\",\"name\":\"Apartments Villach\",\"url\":\"https:\\\/\\\/www.apartments-faakersee.at\\\/\",\"logo\":{\"@type\":\"ImageObject\",\"inLanguage\":\"en-GB\",\"@id\":\"https:\\\/\\\/www.apartments-faakersee.at\\\/#\\\/schema\\\/logo\\\/image\\\/\",\"url\":\"https:\\\/\\\/www.apartments-faakersee.at\\\/wp-content\\\/uploads\\\/2017\\\/11\\\/cropped-Apartments-Villach-Logo.png\",\"contentUrl\":\"https:\\\/\\\/www.apartments-faakersee.at\\\/wp-content\\\/uploads\\\/2017\\\/11\\\/cropped-Apartments-Villach-Logo.png\",\"width\":512,\"height\":512,\"caption\":\"Apartments Villach\"},\"image\":{\"@id\":\"https:\\\/\\\/www.apartments-faakersee.at\\\/#\\\/schema\\\/logo\\\/image\\\/\"}}]}<\/script>\n<!-- \/ Yoast SEO plugin. -->","yoast_head_json":{"title":"Winter am Faaker See erleben - Apart of me","description":"Wer den Winter am Faaker See liebt, ist hier genau richtig. Das Angebot reicht von Skifahren \u00fcber Schneeschuhwandern bis hin zu Eislaufen.","robots":{"index":"index","follow":"follow","max-snippet":"max-snippet:-1","max-image-preview":"max-image-preview:large","max-video-preview":"max-video-preview:-1"},"canonical":"https:\/\/www.apartments-faakersee.at\/en\/winter-am-faaker-see\/","og_locale":"en_GB","og_type":"article","og_title":"Winter am Faaker See erleben - Apart of me","og_description":"Wer den Winter am Faaker See liebt, ist hier genau richtig. Das Angebot reicht von Skifahren \u00fcber Schneeschuhwandern bis hin zu Eislaufen.","og_url":"https:\/\/www.apartments-faakersee.at\/en\/winter-am-faaker-see\/","og_site_name":"Apart of me Faaker See","article_modified_time":"2022-09-21T13:26:30+00:00","og_image":[{"width":500,"height":500,"url":"https:\/\/www.apartments-faakersee.at\/wp-content\/uploads\/2021\/04\/logo-faaker-see-favi.png","type":"image\/png"}],"twitter_card":"summary_large_image","twitter_misc":{"Est. reading time":"6 minutes"},"schema":{"@context":"https:\/\/schema.org","@graph":[{"@type":"WebPage","@id":"https:\/\/www.apartments-faakersee.at\/winter-am-faaker-see\/","url":"https:\/\/www.apartments-faakersee.at\/winter-am-faaker-see\/","name":"Winter am Faaker See erleben - Apart of me","isPartOf":{"@id":"https:\/\/www.apartments-faakersee.at\/#website"},"datePublished":"2022-09-21T08:34:36+00:00","dateModified":"2022-09-21T13:26:30+00:00","description":"Wer den Winter am Faaker See liebt, ist hier genau richtig. Das Angebot reicht von Skifahren \u00fcber Schneeschuhwandern bis hin zu Eislaufen.","breadcrumb":{"@id":"https:\/\/www.apartments-faakersee.at\/winter-am-faaker-see\/#breadcrumb"},"inLanguage":"en-GB","potentialAction":[{"@type":"ReadAction","target":["https:\/\/www.apartments-faakersee.at\/winter-am-faaker-see\/"]}]},{"@type":"BreadcrumbList","@id":"https:\/\/www.apartments-faakersee.at\/winter-am-faaker-see\/#breadcrumb","itemListElement":[{"@type":"ListItem","position":1,"name":"Startseite","item":"https:\/\/www.apartments-faakersee.at\/it\/"},{"@type":"ListItem","position":2,"name":"Winter am Faaker See"}]},{"@type":"WebSite","@id":"https:\/\/www.apartments-faakersee.at\/#website","url":"https:\/\/www.apartments-faakersee.at\/","name":"Apart from me Faaker See","description":"Your oasis of well-being on Lake Faak","publisher":{"@id":"https:\/\/www.apartments-faakersee.at\/#organization"},"potentialAction":[{"@type":"SearchAction","target":{"@type":"EntryPoint","urlTemplate":"https:\/\/www.apartments-faakersee.at\/?s={search_term_string}"},"query-input":{"@type":"PropertyValueSpecification","valueRequired":true,"valueName":"search_term_string"}}],"inLanguage":"en-GB"},{"@type":"Organization","@id":"https:\/\/www.apartments-faakersee.at\/#organization","name":"Flats Villach","url":"https:\/\/www.apartments-faakersee.at\/","logo":{"@type":"ImageObject","inLanguage":"en-GB","@id":"https:\/\/www.apartments-faakersee.at\/#\/schema\/logo\/image\/","url":"https:\/\/www.apartments-faakersee.at\/wp-content\/uploads\/2017\/11\/cropped-Apartments-Villach-Logo.png","contentUrl":"https:\/\/www.apartments-faakersee.at\/wp-content\/uploads\/2017\/11\/cropped-Apartments-Villach-Logo.png","width":512,"height":512,"caption":"Apartments Villach"},"image":{"@id":"https:\/\/www.apartments-faakersee.at\/#\/schema\/logo\/image\/"}}]}},"_links":{"self":[{"href":"https:\/\/www.apartments-faakersee.at\/en\/wp-json\/wp\/v2\/pages\/5431","targetHints":{"allow":["GET"]}}],"collection":[{"href":"https:\/\/www.apartments-faakersee.at\/en\/wp-json\/wp\/v2\/pages"}],"about":[{"href":"https:\/\/www.apartments-faakersee.at\/en\/wp-json\/wp\/v2\/types\/page"}],"author":[{"embeddable":true,"href":"https:\/\/www.apartments-faakersee.at\/en\/wp-json\/wp\/v2\/users\/1"}],"replies":[{"embeddable":true,"href":"https:\/\/www.apartments-faakersee.at\/en\/wp-json\/wp\/v2\/comments?post=5431"}],"version-history":[{"count":13,"href":"https:\/\/www.apartments-faakersee.at\/en\/wp-json\/wp\/v2\/pages\/5431\/revisions"}],"predecessor-version":[{"id":5450,"href":"https:\/\/www.apartments-faakersee.at\/en\/wp-json\/wp\/v2\/pages\/5431\/revisions\/5450"}],"wp:attachment":[{"href":"https:\/\/www.apartments-faakersee.at\/en\/wp-json\/wp\/v2\/media?parent=5431"}],"curies":[{"name":"wp","href":"https:\/\/api.w.org\/{rel}","templated":true}]}}