{"id":5345,"date":"2022-09-06T12:12:31","date_gmt":"2022-09-06T10:12:31","guid":{"rendered":"https:\/\/www.apartments-faakersee.at\/?page_id=5345"},"modified":"2022-09-06T12:36:44","modified_gmt":"2022-09-06T10:36:44","slug":"gastronomie-am-faaker-see","status":"publish","type":"page","link":"https:\/\/www.apartments-faakersee.at\/it\/gastronomie-am-faaker-see\/","title":{"rendered":"Gastronomia al lago Faak"},"content":{"rendered":"<p>[et_pb_section fb_built=&#8220;1&#8243; _builder_version=&#8220;4.16&#8243; max_width=&#8220;1440px&#8220; module_alignment=&#8220;center&#8220; custom_margin=&#8220;0px||||false|false&#8220; custom_padding=&#8220;0px||||false|false&#8220; locked=&#8220;off&#8220; global_colors_info=&#8220;{}&#8220;][et_pb_row column_structure=&#8220;1_2,1_2&#8243; make_equal=&#8220;on&#8220; custom_padding_last_edited=&#8220;on|tablet&#8220; module_class=&#8220; wa-vertical-center-section wa-subpages-hero-section&#8220; _builder_version=&#8220;4.16&#8243; width=&#8220;100%&#8220; width_tablet=&#8220;100%&#8220; width_phone=&#8220;&#8220; width_last_edited=&#8220;on|phone&#8220; custom_padding=&#8220;8px||||false|false&#8220; custom_padding_tablet=&#8220;||0px||false|false&#8220; custom_padding_phone=&#8220;&#8220; global_colors_info=&#8220;{}&#8220; custom_css_before_last_edited=&#8220;on|desktop&#8220;][et_pb_column type=&#8220;1_2&#8243; _builder_version=&#8220;4.16&#8243; animation_style=&#8220;slide&#8220; animation_direction=&#8220;left&#8220; animation_duration=&#8220;1500ms&#8220; global_colors_info=&#8220;{}&#8220;][et_pb_image src=&#8220;https:\/\/www.apartments-faakersee.at\/wp-content\/uploads\/2020\/06\/kulinarische-gaumenfreuden.jpg&#8220; alt=&#8220;Ein Mensch tippt am Handy etwas ein.&#8220; title_text=&#8220;kulinarische-gaumenfreuden&#8220; align=&#8220;center&#8220; align_tablet=&#8220;&#8220; align_phone=&#8220;&#8220; align_last_edited=&#8220;on|tablet&#8220; _builder_version=&#8220;4.18.0&#8243; global_colors_info=&#8220;{}&#8220;][\/et_pb_image][\/et_pb_column][et_pb_column type=&#8220;1_2&#8243; _builder_version=&#8220;4.16&#8243; custom_padding=&#8220;||||false|false&#8220; custom_padding_tablet=&#8220;|||0px|false|false&#8220; custom_padding_phone=&#8220;&#8220; custom_padding_last_edited=&#8220;on|tablet&#8220; animation_style=&#8220;slide&#8220; animation_direction=&#8220;right&#8220; animation_duration=&#8220;1500ms&#8220; global_colors_info=&#8220;{}&#8220;][et_pb_text module_class=&#8220;wa-simplonMono&#8220; _builder_version=&#8220;4.18.0&#8243; text_font=&#8220;|700||on|||||&#8220; text_font_size=&#8220;13px&#8220; text_letter_spacing=&#8220;3.6px&#8220; text_line_height=&#8220;25px&#8220; text_orientation=&#8220;center&#8220; custom_margin=&#8220;||7px|||&#8220; text_orientation_tablet=&#8220;center&#8220; text_orientation_phone=&#8220;&#8220; text_orientation_last_edited=&#8220;on|tablet&#8220; locked=&#8220;off&#8220; global_colors_info=&#8220;{}&#8220;]<\/p>\n<p>Restaurants<\/p>\n<p>[\/et_pb_text][et_pb_text module_class=&#8220;wa-simplonMono&#8220; _builder_version=&#8220;4.18.0&#8243; text_font=&#8220;|700||on|||||&#8220; text_font_size=&#8220;18px&#8220; text_line_height=&#8220;25px&#8220; header_font=&#8220;|700|||||||&#8220; header_text_align=&#8220;center&#8220; header_font_size=&#8220;50px&#8220; header_line_height=&#8220;65px&#8220; header_3_font=&#8220;|700|||||||&#8220; header_3_text_align=&#8220;left&#8220; header_3_font_size=&#8220;50px&#8220; header_3_line_height=&#8220;65px&#8220; width=&#8220;100%&#8220; width_tablet=&#8220;100%&#8220; width_phone=&#8220;&#8220; width_last_edited=&#8220;on|tablet&#8220; custom_margin=&#8220;||1px|||&#8220; header_text_align_tablet=&#8220;center&#8220; header_text_align_phone=&#8220;&#8220; header_text_align_last_edited=&#8220;on|tablet&#8220; header_font_size_tablet=&#8220;40px&#8220; header_font_size_phone=&#8220;40px&#8220; header_font_size_last_edited=&#8220;on|phone&#8220; header_3_text_align_tablet=&#8220;center&#8220; header_3_text_align_phone=&#8220;&#8220; header_3_text_align_last_edited=&#8220;on|tablet&#8220; header_3_font_size_tablet=&#8220;40px&#8220; header_3_font_size_phone=&#8220;40px&#8220; header_3_font_size_last_edited=&#8220;on|phone&#8220; text_orientation_tablet=&#8220;&#8220; text_orientation_phone=&#8220;&#8220; text_orientation_last_edited=&#8220;on|desktop&#8220; locked=&#8220;off&#8220; global_colors_info=&#8220;{}&#8220;]<\/p>\n<h1>Gastronomie am Faaker See mit Seeblick<\/h1>\n<p>[\/et_pb_text][\/et_pb_column][\/et_pb_row][\/et_pb_section][et_pb_section fb_built=&#8220;1&#8243; _builder_version=&#8220;4.16&#8243; custom_padding=&#8220;0px||4px|||&#8220; global_colors_info=&#8220;{}&#8220;][et_pb_row custom_padding_last_edited=&#8220;on|phone&#8220; _builder_version=&#8220;4.16&#8243; background_color=&#8220;#d5d7d4&#8243; width=&#8220;100%&#8220; width_tablet=&#8220;95%&#8220; width_phone=&#8220;&#8220; width_last_edited=&#8220;on|tablet&#8220; max_width=&#8220;1250px&#8220; custom_padding=&#8220;100px|140px|100px|140px|true|true&#8220; custom_padding_tablet=&#8220;80px|35px|80px|35px|true|true&#8220; custom_padding_phone=&#8220;|10px||10px|true|true&#8220; global_colors_info=&#8220;{}&#8220; width__hover_enabled=&#8220;off|hover&#8220;][et_pb_column type=&#8220;4_4&#8243; _builder_version=&#8220;4.16&#8243; global_colors_info=&#8220;{}&#8220;][et_pb_text _builder_version=&#8220;4.18.0&#8243; text_line_height=&#8220;28px&#8220; width_tablet=&#8220;87%&#8220; width_phone=&#8220;83%&#8220; width_last_edited=&#8220;on|tablet&#8220; module_alignment=&#8220;left&#8220; custom_margin=&#8220;0px||55px||false|false&#8220; text_font_size_tablet=&#8220;17px&#8220; text_font_size_phone=&#8220;17px&#8220; text_font_size_last_edited=&#8220;on|tablet&#8220; text_orientation_tablet=&#8220;center&#8220; text_orientation_phone=&#8220;&#8220; text_orientation_last_edited=&#8220;on|tablet&#8220; module_alignment_tablet=&#8220;center&#8220; module_alignment_phone=&#8220;&#8220; module_alignment_last_edited=&#8220;on|tablet&#8220; locked=&#8220;off&#8220; global_colors_info=&#8220;{}&#8220;]<\/p>\n<p>Die Region um den Faaker See wartet gastronomisch mit allerhand auf. Das vielf\u00e4ltige Angebot reicht von schicken Strandbars \u00fcber den ber\u00fchmten Faaker Bauernmarkt bis hin zu internationaler K\u00fcche. Genie\u00dfen Sie den Blick \u00fcber das t\u00fcrkise Wasser von einem angesagten Caf\u00e9 aus, probieren Sie regionale Schmankerln an den Marktst\u00e4nden oder schlemmen Sie ein leckeres Men\u00fc in einem der traditionellen Wirtsh\u00e4user. Die Gastronomie am Faaker See hat f\u00fcr jeden Geschmack etwas zu bieten.<\/p>\n<p>Auftakt Ihrer Kulinarikreise ist Ihr modernes Apartment am Faaker See. Von unserem Aparthotel aus k\u00f6nnen Sie die Strandbars und Restaurants problemlos erreichen. Wer lieber selbst den Kochl\u00f6ffel schwingt, findet in den Apartments eine vollwertig ausgestattete K\u00fcche. Die Zutaten f\u00fcr Ihr eigenes Haubenmen\u00fc k\u00f6nnen Sie in dem nahegelegenen Supermarkt erwerben.<\/p>\n<p>[\/et_pb_text][\/et_pb_column][\/et_pb_row][\/et_pb_section][et_pb_section fb_built=&#8220;1&#8243; _builder_version=&#8220;4.16&#8243; global_colors_info=&#8220;{}&#8220;][et_pb_row _builder_version=&#8220;4.16&#8243; global_colors_info=&#8220;{}&#8220;][et_pb_column type=&#8220;4_4&#8243; _builder_version=&#8220;4.16&#8243; global_colors_info=&#8220;{}&#8220;][et_pb_text _builder_version=&#8220;4.18.0&#8243; global_colors_info=&#8220;{}&#8220;]<\/p>\n<h2>Kulinarik am Faaker See<\/h2>\n<p>[\/et_pb_text][et_pb_text _builder_version=&#8220;4.18.0&#8243; global_colors_info=&#8220;{}&#8220;]<\/p>\n<p>Sie genie\u00dfen es gemeinsam mit Ihrer Familie zu kochen und lieben die Unabh\u00e4ngigkeit des Selbstversorgens im Urlaub? Kein Problem, denn unsere K\u00fcche bietet alles, was man zum Kochen ben\u00f6tigt. Angefangen von Kochutensilien bis hin zu diversen Elektroger\u00e4ten ist alles vorhanden. K\u00f6stliches Gep\u00e4ck finden Sie in den umliegenden B\u00e4ckereien, Bioprodukte und regionale Leckereien am Bauernmarkt und hochwertiges Fleisch gibt es bei den Bauern in der Umgebung.<\/p>\n<p>Wer sich lieber bedienen lassen m\u00f6chte, hat am Faaker See die Qual der Wahl. Die Palette reicht vom traditionellen Landgasthof \u00fcber internationale Restaurants bis hin zum exklusiven Steakhouse. Hier ist bestimmt f\u00fcr jede Altersklasse und jeden Geschmack das Passende dabei. F\u00fcr Tipps hinsichtlich Gastronomie fragen Sie gerne unser Personal.<\/p>\n<p>[\/et_pb_text][\/et_pb_column][\/et_pb_row][et_pb_row column_structure=&#8220;1_2,1_2&#8243; _builder_version=&#8220;4.16&#8243; global_colors_info=&#8220;{}&#8220;][et_pb_column type=&#8220;1_2&#8243; _builder_version=&#8220;4.16&#8243; global_colors_info=&#8220;{}&#8220;][et_pb_text _builder_version=&#8220;4.18.0&#8243; global_colors_info=&#8220;{}&#8220;]<\/p>\n<h3>Heimische Gastronomie am Faaker See<\/h3>\n<p>[\/et_pb_text][et_pb_text _builder_version=&#8220;4.18.0&#8243; global_colors_info=&#8220;{}&#8220;]<\/p>\n<p>Die Gasth\u00e4user rund um den Faaker See haben eine schier endlose Auswahl an K\u00e4rntner Speisen. Entscheiden Sie sich f\u00fcr ein saftiges Wiener Schnitzel, eine Portion K\u00e4rntner Kasnudeln oder einen gegrillten Fisch frisch aus den heimischen Gew\u00e4ssern. Egal welche Wahl Sie treffen, Sie werden kulinarische H\u00f6henfl\u00fcge erleben, garantiert.<\/p>\n<p>Abgerundet wird das Angebot durch eine Vielfalt an k\u00f6stlichen heimischen Getr\u00e4nken. Genie\u00dfen Sie zum Hauptgericht ein frischgezapftes Bier und g\u00f6nnen Sie sich zum Abschluss eines perfekten Essens einen edlen selbstgebrannten Tropfen. Unser Tipp: Besuchen Sie eine K\u00e4rntner Buschenschank in der Umgebung und erfrischen Sie sich bei einem leckeren Most oder einem s\u00fc\u00dfen Apfelsaft gepresst aus heimischen \u00c4pfeln.\u00a0<\/p>\n<p>[\/et_pb_text][\/et_pb_column][et_pb_column type=&#8220;1_2&#8243; _builder_version=&#8220;4.16&#8243; global_colors_info=&#8220;{}&#8220;][et_pb_image src=&#8220;https:\/\/www.apartments-faakersee.at\/wp-content\/uploads\/2017\/11\/bewegungslust.jpg&#8220; alt=&#8220;Ein Koffer liegt auf der Bank im Business Apartment&#8220; title_text=&#8220;bewegungslust&#8220; _builder_version=&#8220;4.18.0&#8243; global_colors_info=&#8220;{}&#8220;][\/et_pb_image][\/et_pb_column][\/et_pb_row][et_pb_row _builder_version=&#8220;4.16&#8243; global_colors_info=&#8220;{}&#8220;][et_pb_column type=&#8220;4_4&#8243; _builder_version=&#8220;4.16&#8243; global_colors_info=&#8220;{}&#8220;][et_pb_text _builder_version=&#8220;4.18.0&#8243; global_colors_info=&#8220;{}&#8220;]<\/p>\n<h3>Internatinale K\u00fcche<\/h3>\n<p>[\/et_pb_text][et_pb_text _builder_version=&#8220;4.18.0&#8243; global_colors_info=&#8220;{}&#8220;]<\/p>\n<p>Durch den hervorragenden geografischen Standort des Faaker Sees passieren Sie in kurzer Fahrzeit die italienische oder slowenische Grenze. Tauchen Sie ein in das ganz besondere Flair unserer Nachbarl\u00e4nder und probieren Sie sich durch die zahlreichen traditionellen Gerichte. Angefangen vom saftigen italienischen Prosciutto bis hin zu einer deftigen slowenischen Krainer Wurst gibt es so ziemlich alles, was das Feinschmeckerherz begehrt.<\/p>\n<p>[\/et_pb_text][\/et_pb_column][\/et_pb_row][et_pb_row _builder_version=&#8220;4.16&#8243; global_colors_info=&#8220;{}&#8220;][et_pb_column type=&#8220;4_4&#8243; _builder_version=&#8220;4.16&#8243; global_colors_info=&#8220;{}&#8220;][et_pb_text _builder_version=&#8220;4.18.0&#8243; global_colors_info=&#8220;{}&#8220;]<\/p>\n<h3>Der Faaker Bauernmarkt<\/h3>\n<p>[\/et_pb_text][et_pb_text _builder_version=&#8220;4.18.0&#8243; global_colors_info=&#8220;{}&#8220;]<\/p>\n<p>Der Faaker Bauernmarkt ist ein Treffpunkt f\u00fcr alle, die den Volksfestcharakter lieben. Hier kann man nach Herzenslust flanieren, essen und einkaufen. Von Anfang Mai bis zum Ende September findet der Markt jeden Donnerstag am Marktgel\u00e4nder der Ortschaft Faak am See statt. Neben landwirtschaftlichen Produkten kann man auch handgefertigte Kunst erwerben. Genie\u00dfen Sie die Zeit mit Ihren Liebsten bei einem k\u00f6stlichen Glas einheimischen Bier und einem herzhaften Speckbrot umgeben von ausgelassener Stimmung.<\/p>\n<p>[\/et_pb_text][\/et_pb_column][\/et_pb_row][\/et_pb_section][et_pb_section fb_built=&#8220;1&#8243; _builder_version=&#8220;4.16&#8243; custom_padding=&#8220;0px||4px|||&#8220; global_colors_info=&#8220;{}&#8220;][et_pb_row custom_padding_last_edited=&#8220;on|phone&#8220; _builder_version=&#8220;4.16&#8243; background_color=&#8220;#d5d7d4&#8243; width=&#8220;100%&#8220; width_tablet=&#8220;95%&#8220; width_phone=&#8220;&#8220; width_last_edited=&#8220;on|tablet&#8220; max_width=&#8220;1250px&#8220; custom_padding=&#8220;100px|140px|100px|140px|true|true&#8220; custom_padding_tablet=&#8220;80px|35px|80px|35px|true|true&#8220; custom_padding_phone=&#8220;|10px||10px|true|true&#8220; global_colors_info=&#8220;{}&#8220; width__hover_enabled=&#8220;off|hover&#8220;][et_pb_column type=&#8220;4_4&#8243; _builder_version=&#8220;4.16&#8243; global_colors_info=&#8220;{}&#8220;][et_pb_text _builder_version=&#8220;4.18.0&#8243; text_line_height=&#8220;28px&#8220; width_tablet=&#8220;87%&#8220; width_phone=&#8220;83%&#8220; width_last_edited=&#8220;on|tablet&#8220; module_alignment=&#8220;left&#8220; custom_margin=&#8220;0px||55px||false|false&#8220; text_font_size_tablet=&#8220;17px&#8220; text_font_size_phone=&#8220;17px&#8220; text_font_size_last_edited=&#8220;on|tablet&#8220; text_orientation_tablet=&#8220;center&#8220; text_orientation_phone=&#8220;&#8220; text_orientation_last_edited=&#8220;on|tablet&#8220; module_alignment_tablet=&#8220;center&#8220; module_alignment_phone=&#8220;&#8220; module_alignment_last_edited=&#8220;on|tablet&#8220; locked=&#8220;off&#8220; global_colors_info=&#8220;{}&#8220;]<\/p>\n<p>Der schnellste Weg zu Ihrer pers\u00f6nlichen Kulinarikreise f\u00fchrt \u00fcber die Buchungsplattform unserer Website. <a href=\"https:\/\/www.apartments-faakersee.at\/buchen\/\">Einfach online einchecken und kulinarische H\u00f6henfl\u00fcge erleben!<\/a><\/p>\n<p>[\/et_pb_text][\/et_pb_column][\/et_pb_row][\/et_pb_section][et_pb_section fb_built=&#8220;1&#8243; _builder_version=&#8220;4.4.3&#8243; background_color=&#8220;#d5d7d4&#8243; custom_margin=&#8220;100px|||||&#8220; custom_padding=&#8220;||||false|false&#8220; border_width_top=&#8220;1px&#8220; global_module=&#8220;1486&#8243; collapsed=&#8220;off&#8220; global_colors_info=&#8220;{}&#8220;][et_pb_row module_class=&#8220;wa-footer-newsletter-section&#8220; _builder_version=&#8220;4.16&#8243; background_size=&#8220;initial&#8220; background_position=&#8220;top_left&#8220; background_repeat=&#8220;repeat&#8220; module_alignment=&#8220;center&#8220; global_colors_info=&#8220;{}&#8220;][et_pb_column type=&#8220;4_4&#8243; _builder_version=&#8220;4.16&#8243; global_colors_info=&#8220;{}&#8220;][et_pb_text _builder_version=&#8220;4.16&#8243; text_font=&#8220;|||on|||||&#8220; text_text_color=&#8220;#000000&#8243; text_font_size=&#8220;13px&#8220; text_letter_spacing=&#8220;1.86px&#8220; text_line_height=&#8220;19px&#8220; header_text_color=&#8220;#000000&#8243; header_font_size=&#8220;50px&#8220; header_2_font=&#8220;|700|||||||&#8220; header_2_text_color=&#8220;#000000&#8243; header_2_font_size=&#8220;50px&#8220; global_colors_info=&#8220;{}&#8220;]<\/p>\n<h2>Newsletter<\/h2>\n<p>MELDE DICH BEI UNSEREM NEWSLETTER AN UM IMMER \u00dcBER AKTUELLE NEWS UND ANGEBOTE INFORMIERT ZU BLEIBEN<\/p>\n<p>[\/et_pb_text][et_pb_code _builder_version=&#8220;4.16&#8243; global_colors_info=&#8220;{}&#8220;]<script id=\"n2g_script\">!function(e,t,n,c,r,a,i){e.Newsletter2GoTrackingObject=r,e[r]=e[r]||function(){(e[r].q=e[r].q||[]).push(arguments)},e[r].l=1*new Date,a=t.createElement(n),i=t.getElementsByTagName(n)[0],a.async=1,a.src=c,i.parentNode.insertBefore(a,i)}(window,document,\"script\",\"https:\/\/static.newsletter2go.com\/utils.js\",\"n2g\");var config = {\"container\": {\"type\": \"div\",\"class\": \"\",\"style\": \"\"},\"row\": {\"type\": \"div\",\"class\": \"\",\"style\": \"margin-top: 15px;\"},\"columnLeft\": {\"type\": \"div\",\"class\": \"\",\"style\": \"\"},\"columnRight\": {\"type\": \"div\",\"class\": \"\",\"style\": \"\"},\"label\": {\"type\": \"label\",\"class\": \"\",\"style\": \"\"}};n2g('create', 'ut1m3fer-k96mt4nb-igs');n2g('subscribe:createForm', config);<\/script>[\/et_pb_code][\/et_pb_column][\/et_pb_row][\/et_pb_section]<\/p>\n","protected":false},"excerpt":{"rendered":"<p>RestaurantsGastronomie am Faaker See mit SeeblickDie Region um den Faaker See wartet gastronomisch mit allerhand auf. Das vielf\u00e4ltige Angebot reicht von schicken Strandbars \u00fcber den ber\u00fchmten Faaker Bauernmarkt bis hin zu internationaler K\u00fcche. Genie\u00dfen Sie den Blick \u00fcber das t\u00fcrkise Wasser von einem angesagten Caf\u00e9 aus, probieren Sie regionale Schmankerln an den Marktst\u00e4nden oder schlemmen [&hellip;]<\/p>\n","protected":false},"author":1,"featured_media":0,"parent":0,"menu_order":0,"comment_status":"closed","ping_status":"closed","template":"","meta":{"_et_pb_use_builder":"on","_et_pb_old_content":"","_et_gb_content_width":"","footnotes":""},"class_list":["post-5345","page","type-page","status-publish","hentry"],"yoast_head":"<!-- This site is optimized with the Yoast SEO plugin v27.4 - https:\/\/yoast.com\/product\/yoast-seo-wordpress\/ -->\n<title>Gastronomie am Faaker See \u2013 Unsere Geheimtipps<\/title>\n<meta name=\"description\" content=\"Lernen Sie die einzigartige Gastronomie am Faaker See kennen, die nicht nur durch regionale K\u00fcche, sondern auch durch Gastfreundschaft punktet\" \/>\n<meta name=\"robots\" content=\"index, follow, max-snippet:-1, max-image-preview:large, max-video-preview:-1\" \/>\n<link rel=\"canonical\" href=\"https:\/\/www.apartments-faakersee.at\/it\/gastronomie-am-faaker-see\/\" \/>\n<meta property=\"og:locale\" content=\"it_IT\" \/>\n<meta property=\"og:type\" content=\"article\" \/>\n<meta property=\"og:title\" content=\"Gastronomie am Faaker See \u2013 Unsere Geheimtipps\" \/>\n<meta property=\"og:description\" content=\"Lernen Sie die einzigartige Gastronomie am Faaker See kennen, die nicht nur durch regionale K\u00fcche, sondern auch durch Gastfreundschaft punktet\" \/>\n<meta property=\"og:url\" content=\"https:\/\/www.apartments-faakersee.at\/it\/gastronomie-am-faaker-see\/\" \/>\n<meta property=\"og:site_name\" content=\"Apart of me Faaker See\" \/>\n<meta property=\"article:modified_time\" content=\"2022-09-06T10:36:44+00:00\" \/>\n<meta property=\"og:image\" content=\"https:\/\/www.apartments-faakersee.at\/wp-content\/uploads\/2021\/04\/logo-faaker-see-favi.png\" \/>\n\t<meta property=\"og:image:width\" content=\"500\" \/>\n\t<meta property=\"og:image:height\" content=\"500\" \/>\n\t<meta property=\"og:image:type\" content=\"image\/png\" \/>\n<meta name=\"twitter:card\" content=\"summary_large_image\" \/>\n<meta name=\"twitter:label1\" content=\"Est. reading time\" \/>\n\t<meta name=\"twitter:data1\" content=\"5 minutes\" \/>\n<script type=\"application\/ld+json\" class=\"yoast-schema-graph\">{\"@context\":\"https:\\\/\\\/schema.org\",\"@graph\":[{\"@type\":\"WebPage\",\"@id\":\"https:\\\/\\\/www.apartments-faakersee.at\\\/gastronomie-am-faaker-see\\\/\",\"url\":\"https:\\\/\\\/www.apartments-faakersee.at\\\/gastronomie-am-faaker-see\\\/\",\"name\":\"Gastronomie am Faaker See \u2013 Unsere Geheimtipps\",\"isPartOf\":{\"@id\":\"https:\\\/\\\/www.apartments-faakersee.at\\\/#website\"},\"datePublished\":\"2022-09-06T10:12:31+00:00\",\"dateModified\":\"2022-09-06T10:36:44+00:00\",\"description\":\"Lernen Sie die einzigartige Gastronomie am Faaker See kennen, die nicht nur durch regionale K\u00fcche, sondern auch durch Gastfreundschaft punktet\",\"breadcrumb\":{\"@id\":\"https:\\\/\\\/www.apartments-faakersee.at\\\/gastronomie-am-faaker-see\\\/#breadcrumb\"},\"inLanguage\":\"it-IT\",\"potentialAction\":[{\"@type\":\"ReadAction\",\"target\":[\"https:\\\/\\\/www.apartments-faakersee.at\\\/gastronomie-am-faaker-see\\\/\"]}]},{\"@type\":\"BreadcrumbList\",\"@id\":\"https:\\\/\\\/www.apartments-faakersee.at\\\/gastronomie-am-faaker-see\\\/#breadcrumb\",\"itemListElement\":[{\"@type\":\"ListItem\",\"position\":1,\"name\":\"Startseite\",\"item\":\"https:\\\/\\\/www.apartments-faakersee.at\\\/it\\\/\"},{\"@type\":\"ListItem\",\"position\":2,\"name\":\"Gastronomie am Faaker See\"}]},{\"@type\":\"WebSite\",\"@id\":\"https:\\\/\\\/www.apartments-faakersee.at\\\/#website\",\"url\":\"https:\\\/\\\/www.apartments-faakersee.at\\\/\",\"name\":\"Apart of me Faaker See\",\"description\":\"Ihre Wohlf\u00fchloase am Faaker See\",\"publisher\":{\"@id\":\"https:\\\/\\\/www.apartments-faakersee.at\\\/#organization\"},\"potentialAction\":[{\"@type\":\"SearchAction\",\"target\":{\"@type\":\"EntryPoint\",\"urlTemplate\":\"https:\\\/\\\/www.apartments-faakersee.at\\\/?s={search_term_string}\"},\"query-input\":{\"@type\":\"PropertyValueSpecification\",\"valueRequired\":true,\"valueName\":\"search_term_string\"}}],\"inLanguage\":\"it-IT\"},{\"@type\":\"Organization\",\"@id\":\"https:\\\/\\\/www.apartments-faakersee.at\\\/#organization\",\"name\":\"Apartments Villach\",\"url\":\"https:\\\/\\\/www.apartments-faakersee.at\\\/\",\"logo\":{\"@type\":\"ImageObject\",\"inLanguage\":\"it-IT\",\"@id\":\"https:\\\/\\\/www.apartments-faakersee.at\\\/#\\\/schema\\\/logo\\\/image\\\/\",\"url\":\"https:\\\/\\\/www.apartments-faakersee.at\\\/wp-content\\\/uploads\\\/2017\\\/11\\\/cropped-Apartments-Villach-Logo.png\",\"contentUrl\":\"https:\\\/\\\/www.apartments-faakersee.at\\\/wp-content\\\/uploads\\\/2017\\\/11\\\/cropped-Apartments-Villach-Logo.png\",\"width\":512,\"height\":512,\"caption\":\"Apartments Villach\"},\"image\":{\"@id\":\"https:\\\/\\\/www.apartments-faakersee.at\\\/#\\\/schema\\\/logo\\\/image\\\/\"}}]}<\/script>\n<!-- \/ Yoast SEO plugin. -->","yoast_head_json":{"title":"Gastronomie am Faaker See \u2013 Unsere Geheimtipps","description":"Lernen Sie die einzigartige Gastronomie am Faaker See kennen, die nicht nur durch regionale K\u00fcche, sondern auch durch Gastfreundschaft punktet","robots":{"index":"index","follow":"follow","max-snippet":"max-snippet:-1","max-image-preview":"max-image-preview:large","max-video-preview":"max-video-preview:-1"},"canonical":"https:\/\/www.apartments-faakersee.at\/it\/gastronomie-am-faaker-see\/","og_locale":"it_IT","og_type":"article","og_title":"Gastronomie am Faaker See \u2013 Unsere Geheimtipps","og_description":"Lernen Sie die einzigartige Gastronomie am Faaker See kennen, die nicht nur durch regionale K\u00fcche, sondern auch durch Gastfreundschaft punktet","og_url":"https:\/\/www.apartments-faakersee.at\/it\/gastronomie-am-faaker-see\/","og_site_name":"Apart of me Faaker See","article_modified_time":"2022-09-06T10:36:44+00:00","og_image":[{"width":500,"height":500,"url":"https:\/\/www.apartments-faakersee.at\/wp-content\/uploads\/2021\/04\/logo-faaker-see-favi.png","type":"image\/png"}],"twitter_card":"summary_large_image","twitter_misc":{"Est. reading time":"5 minutes"},"schema":{"@context":"https:\/\/schema.org","@graph":[{"@type":"WebPage","@id":"https:\/\/www.apartments-faakersee.at\/gastronomie-am-faaker-see\/","url":"https:\/\/www.apartments-faakersee.at\/gastronomie-am-faaker-see\/","name":"Gastronomie am Faaker See \u2013 Unsere Geheimtipps","isPartOf":{"@id":"https:\/\/www.apartments-faakersee.at\/#website"},"datePublished":"2022-09-06T10:12:31+00:00","dateModified":"2022-09-06T10:36:44+00:00","description":"Lernen Sie die einzigartige Gastronomie am Faaker See kennen, die nicht nur durch regionale K\u00fcche, sondern auch durch Gastfreundschaft punktet","breadcrumb":{"@id":"https:\/\/www.apartments-faakersee.at\/gastronomie-am-faaker-see\/#breadcrumb"},"inLanguage":"it-IT","potentialAction":[{"@type":"ReadAction","target":["https:\/\/www.apartments-faakersee.at\/gastronomie-am-faaker-see\/"]}]},{"@type":"BreadcrumbList","@id":"https:\/\/www.apartments-faakersee.at\/gastronomie-am-faaker-see\/#breadcrumb","itemListElement":[{"@type":"ListItem","position":1,"name":"Startseite","item":"https:\/\/www.apartments-faakersee.at\/it\/"},{"@type":"ListItem","position":2,"name":"Gastronomie am Faaker See"}]},{"@type":"WebSite","@id":"https:\/\/www.apartments-faakersee.at\/#website","url":"https:\/\/www.apartments-faakersee.at\/","name":"Oltre a me Faaker See","description":"La vostra oasi di benessere sul lago Faak","publisher":{"@id":"https:\/\/www.apartments-faakersee.at\/#organization"},"potentialAction":[{"@type":"SearchAction","target":{"@type":"EntryPoint","urlTemplate":"https:\/\/www.apartments-faakersee.at\/?s={search_term_string}"},"query-input":{"@type":"PropertyValueSpecification","valueRequired":true,"valueName":"search_term_string"}}],"inLanguage":"it-IT"},{"@type":"Organization","@id":"https:\/\/www.apartments-faakersee.at\/#organization","name":"Appartamenti Villach","url":"https:\/\/www.apartments-faakersee.at\/","logo":{"@type":"ImageObject","inLanguage":"it-IT","@id":"https:\/\/www.apartments-faakersee.at\/#\/schema\/logo\/image\/","url":"https:\/\/www.apartments-faakersee.at\/wp-content\/uploads\/2017\/11\/cropped-Apartments-Villach-Logo.png","contentUrl":"https:\/\/www.apartments-faakersee.at\/wp-content\/uploads\/2017\/11\/cropped-Apartments-Villach-Logo.png","width":512,"height":512,"caption":"Apartments Villach"},"image":{"@id":"https:\/\/www.apartments-faakersee.at\/#\/schema\/logo\/image\/"}}]}},"_links":{"self":[{"href":"https:\/\/www.apartments-faakersee.at\/it\/wp-json\/wp\/v2\/pages\/5345","targetHints":{"allow":["GET"]}}],"collection":[{"href":"https:\/\/www.apartments-faakersee.at\/it\/wp-json\/wp\/v2\/pages"}],"about":[{"href":"https:\/\/www.apartments-faakersee.at\/it\/wp-json\/wp\/v2\/types\/page"}],"author":[{"embeddable":true,"href":"https:\/\/www.apartments-faakersee.at\/it\/wp-json\/wp\/v2\/users\/1"}],"replies":[{"embeddable":true,"href":"https:\/\/www.apartments-faakersee.at\/it\/wp-json\/wp\/v2\/comments?post=5345"}],"version-history":[{"count":9,"href":"https:\/\/www.apartments-faakersee.at\/it\/wp-json\/wp\/v2\/pages\/5345\/revisions"}],"predecessor-version":[{"id":5359,"href":"https:\/\/www.apartments-faakersee.at\/it\/wp-json\/wp\/v2\/pages\/5345\/revisions\/5359"}],"wp:attachment":[{"href":"https:\/\/www.apartments-faakersee.at\/it\/wp-json\/wp\/v2\/media?parent=5345"}],"curies":[{"name":"wp","href":"https:\/\/api.w.org\/{rel}","templated":true}]}}