{"id":5453,"date":"2022-09-26T09:59:47","date_gmt":"2022-09-26T07:59:47","guid":{"rendered":"https:\/\/www.apartments-faakersee.at\/?page_id=5453"},"modified":"2022-09-26T12:13:49","modified_gmt":"2022-09-26T10:13:49","slug":"skifahren-in-kaernten","status":"publish","type":"page","link":"https:\/\/www.apartments-faakersee.at\/it\/skifahren-in-kaernten\/","title":{"rendered":"Sciare in Carinzia"},"content":{"rendered":"<p>[et_pb_section fb_built=&#8220;1&#8243; _builder_version=&#8220;4.16&#8243; max_width=&#8220;1440px&#8220; module_alignment=&#8220;center&#8220; custom_margin=&#8220;0px||||false|false&#8220; custom_padding=&#8220;0px||||false|false&#8220; locked=&#8220;off&#8220; global_colors_info=&#8220;{}&#8220;][et_pb_row column_structure=&#8220;1_2,1_2&#8243; make_equal=&#8220;on&#8220; custom_padding_last_edited=&#8220;on|tablet&#8220; module_class=&#8220; wa-vertical-center-section wa-subpages-hero-section&#8220; _builder_version=&#8220;4.18.0&#8243; width=&#8220;100%&#8220; width_tablet=&#8220;100%&#8220; width_phone=&#8220;&#8220; width_last_edited=&#8220;on|phone&#8220; custom_padding=&#8220;9px||||false|false&#8220; custom_padding_tablet=&#8220;||0px||false|false&#8220; custom_padding_phone=&#8220;&#8220; hover_enabled=&#8220;0&#8243; global_colors_info=&#8220;{}&#8220; custom_css_before_last_edited=&#8220;on|desktop&#8220; sticky_enabled=&#8220;0&#8243;][et_pb_column type=&#8220;1_2&#8243; _builder_version=&#8220;4.16&#8243; animation_style=&#8220;slide&#8220; animation_direction=&#8220;left&#8220; animation_duration=&#8220;1500ms&#8220; global_colors_info=&#8220;{}&#8220;][et_pb_image src=&#8220;https:\/\/www.apartments-faakersee.at\/wp-content\/uploads\/2022\/09\/skialpin_gerlitzen_alpe-web_f_Fanz-Gerdl_c_Kaernten.jpeg&#8220; alt=&#8220;Ein Mensch tippt am Handy etwas ein.&#8220; title_text=&#8220;skialpin_gerlitzen_alpe-web_(f)_Fanz-Gerdl_(c)_Kaernten&#8220; align=&#8220;center&#8220; align_tablet=&#8220;&#8220; align_phone=&#8220;&#8220; align_last_edited=&#8220;on|tablet&#8220; _builder_version=&#8220;4.18.0&#8243; global_colors_info=&#8220;{}&#8220; custom_margin=&#8220;-1px|||||&#8220;][\/et_pb_image][\/et_pb_column][et_pb_column type=&#8220;1_2&#8243; _builder_version=&#8220;4.16&#8243; custom_padding=&#8220;||||false|false&#8220; custom_padding_tablet=&#8220;|||0px|false|false&#8220; custom_padding_phone=&#8220;&#8220; custom_padding_last_edited=&#8220;on|tablet&#8220; animation_style=&#8220;slide&#8220; animation_direction=&#8220;right&#8220; animation_duration=&#8220;1500ms&#8220; global_colors_info=&#8220;{}&#8220;][et_pb_text module_class=&#8220;wa-simplonMono&#8220; _builder_version=&#8220;4.18.0&#8243; text_font=&#8220;|700||on|||||&#8220; text_font_size=&#8220;13px&#8220; text_letter_spacing=&#8220;3.6px&#8220; text_line_height=&#8220;25px&#8220; text_orientation=&#8220;center&#8220; custom_margin=&#8220;||7px|||&#8220; text_orientation_tablet=&#8220;center&#8220; text_orientation_phone=&#8220;&#8220; text_orientation_last_edited=&#8220;on|tablet&#8220; locked=&#8220;off&#8220; global_colors_info=&#8220;{}&#8220;]<\/p>\n<p>Skifahren in K\u00e4rnten<\/p>\n<p>[\/et_pb_text][et_pb_text module_class=&#8220;wa-simplonMono&#8220; _builder_version=&#8220;4.18.0&#8243; text_font=&#8220;|700||on|||||&#8220; text_font_size=&#8220;18px&#8220; text_line_height=&#8220;25px&#8220; header_font=&#8220;|700|||||||&#8220; header_text_align=&#8220;center&#8220; header_font_size=&#8220;50px&#8220; header_line_height=&#8220;65px&#8220; header_3_font=&#8220;|700|||||||&#8220; header_3_text_align=&#8220;left&#8220; header_3_font_size=&#8220;50px&#8220; header_3_line_height=&#8220;65px&#8220; width=&#8220;100%&#8220; width_tablet=&#8220;100%&#8220; width_phone=&#8220;&#8220; width_last_edited=&#8220;on|tablet&#8220; custom_margin=&#8220;||1px|||&#8220; header_text_align_tablet=&#8220;center&#8220; header_text_align_phone=&#8220;&#8220; header_text_align_last_edited=&#8220;on|tablet&#8220; header_font_size_tablet=&#8220;40px&#8220; header_font_size_phone=&#8220;40px&#8220; header_font_size_last_edited=&#8220;on|phone&#8220; header_3_text_align_tablet=&#8220;center&#8220; header_3_text_align_phone=&#8220;&#8220; header_3_text_align_last_edited=&#8220;on|tablet&#8220; header_3_font_size_tablet=&#8220;40px&#8220; header_3_font_size_phone=&#8220;40px&#8220; header_3_font_size_last_edited=&#8220;on|phone&#8220; text_orientation_tablet=&#8220;&#8220; text_orientation_phone=&#8220;&#8220; text_orientation_last_edited=&#8220;on|desktop&#8220; locked=&#8220;off&#8220; global_colors_info=&#8220;{}&#8220;]<\/p>\n<h1>Die besten Skigebiete rund um den Faaker See<\/h1>\n<p>[\/et_pb_text][\/et_pb_column][\/et_pb_row][\/et_pb_section][et_pb_section fb_built=&#8220;1&#8243; _builder_version=&#8220;4.16&#8243; custom_padding=&#8220;0px||4px|||&#8220; global_colors_info=&#8220;{}&#8220;][et_pb_row custom_padding_last_edited=&#8220;on|phone&#8220; _builder_version=&#8220;4.16&#8243; background_color=&#8220;#d5d7d4&#8243; width=&#8220;100%&#8220; width_tablet=&#8220;95%&#8220; width_phone=&#8220;&#8220; width_last_edited=&#8220;on|tablet&#8220; max_width=&#8220;1250px&#8220; custom_padding=&#8220;100px|140px|100px|140px|true|true&#8220; custom_padding_tablet=&#8220;80px|35px|80px|35px|true|true&#8220; custom_padding_phone=&#8220;|10px||10px|true|true&#8220; global_colors_info=&#8220;{}&#8220; width__hover_enabled=&#8220;off|hover&#8220;][et_pb_column type=&#8220;4_4&#8243; _builder_version=&#8220;4.16&#8243; global_colors_info=&#8220;{}&#8220;][et_pb_text _builder_version=&#8220;4.18.0&#8243; text_line_height=&#8220;28px&#8220; width_tablet=&#8220;87%&#8220; width_phone=&#8220;83%&#8220; width_last_edited=&#8220;on|tablet&#8220; module_alignment=&#8220;left&#8220; custom_margin=&#8220;0px||55px||false|false&#8220; text_font_size_tablet=&#8220;17px&#8220; text_font_size_phone=&#8220;17px&#8220; text_font_size_last_edited=&#8220;on|tablet&#8220; text_orientation_tablet=&#8220;center&#8220; text_orientation_phone=&#8220;&#8220; text_orientation_last_edited=&#8220;on|tablet&#8220; module_alignment_tablet=&#8220;center&#8220; module_alignment_phone=&#8220;&#8220; module_alignment_last_edited=&#8220;on|tablet&#8220; locked=&#8220;off&#8220; global_colors_info=&#8220;{}&#8220;]<\/p>\n<p>Die modern angelegten Skigebiete rund um den Faaker See gew\u00e4hrleisten optimale Pistenbedingungen sowohl f\u00fcr Anf\u00e4nger als auch f\u00fcr Profis. Es erwarten Sie Skipisten in allen Schwierigkeitsgraden, Bergbahnen und Lifte auf dem neuesten Stand sowie heimelige H\u00fctten zum gem\u00fctlichen Beisammensein.<\/p>\n<p>Die perfekte Unterkunft f\u00fcr Ihren Skiurlaub finden Sie direkt am Faaker See in unserem Aparthotel. Unsere Wohnungen bieten Ihnen jeglichen Luxus eines Hotelzimmers gepaart mit der Ger\u00e4umigkeit und Unabh\u00e4ngigkeit eines Apartments. Dabei verf\u00fcgen alle Apartments \u00fcber moderne Flatscreens, ausreichend Steckdosen und eine voll ausgestattete K\u00fcche.<\/p>\n<p>[\/et_pb_text][\/et_pb_column][\/et_pb_row][\/et_pb_section][et_pb_section fb_built=&#8220;1&#8243; _builder_version=&#8220;4.16&#8243; global_colors_info=&#8220;{}&#8220;][et_pb_row _builder_version=&#8220;4.16&#8243; global_colors_info=&#8220;{}&#8220;][et_pb_column type=&#8220;4_4&#8243; _builder_version=&#8220;4.16&#8243; global_colors_info=&#8220;{}&#8220;][et_pb_text _builder_version=&#8220;4.18.0&#8243; global_colors_info=&#8220;{}&#8220;]<\/p>\n<h2>Skigebiet Gerlitzen Alpe<\/h2>\n<p>[\/et_pb_text][et_pb_text _builder_version=&#8220;4.18.0&#8243; global_colors_info=&#8220;{}&#8220;]<\/p>\n<p>Die Gerlitzen ist mit ihren 40 Pistenkilometern und 15 Kilometern an naturbelassenen Routen eines der beliebtesten Skigebiete in der Region. Zudem verf\u00fcgt das Skigebiet \u00fcber einen Kids-Funpark, 20 komfortable Liftanlagen und \u00fcber 3.000 frei benutzbare Parkpl\u00e4tze.<\/p>\n<p>Der Skibetrieb startet in der Regel im Dezember und endet im April. Fr\u00fchaufsteher k\u00f6nnen die Bergbahnen bereits ab 08:15 Uhr nutzen. Die Skischule auf der Gerlitzen Alpe bietet f\u00fcr Profis, Neu- sowie Wiedereinsteiger ein umfangreiches Kursangebot. Die aktuelle Preisliste finden Sie hier: <a href=\"https:\/\/www.gerlitzen.com\/fileadmin\/user_upload\/winter\/preisliste\/tarife_2022_23__final.pdf\">Preisliste Gerlitzen Alpe<\/a>\u00a0<\/p>\n<p>&nbsp;<\/p>\n<p>[\/et_pb_text][\/et_pb_column][\/et_pb_row][et_pb_row column_structure=&#8220;1_2,1_2&#8243; _builder_version=&#8220;4.16&#8243; global_colors_info=&#8220;{}&#8220;][et_pb_column type=&#8220;1_2&#8243; _builder_version=&#8220;4.16&#8243; global_colors_info=&#8220;{}&#8220;][et_pb_text _builder_version=&#8220;4.18.0&#8243; global_colors_info=&#8220;{}&#8220;]<\/p>\n<h3>Skigebiet Dreil\u00e4ndereck\u00a0<\/h3>\n<p>[\/et_pb_text][et_pb_text _builder_version=&#8220;4.18.0&#8243; global_colors_info=&#8220;{}&#8220;]<\/p>\n<p>Am Dreil\u00e4ndereck vereinen sich mit \u00d6sterreich, Italien und Slowenien drei L\u00e4nder mit ihren unterschiedlichen Sprachen und Kulturen. Das Skigebiet ist familienfreundlich und wartet mit 8 Skiliften in verschiedenen H\u00f6henlagen sowie 17 pr\u00e4parierten Pistenkilometern auf. 62 Schneekanonen sorgen f\u00fcr Schneesicherheit, 4 Skih\u00fctten garantieren wiederum f\u00fcr das leibliche Wohl der Skifahrer.<\/p>\n<p>Die Skisaison h\u00e4ngt von den Wetterverh\u00e4ltnissen ab und beginnt regul\u00e4r im Dezember und endet zumeist Ende M\u00e4rz. Die Lifte \u00f6ffnen morgens um 08:30 ihre Pforten und sind dann bis 16:00 Uhr in Betrieb. Am Dreil\u00e4ndereck befinden sich ebenfalls ein Skischule und ein Skiverleih. Die aktuellen Tarife finden Sie hier: <a href=\"http:\/\/www.3laendereck.at\/tickets-tarife-im-winter\">Tarife Dreil\u00e4ndereck<\/a>\u00a0<\/p>\n<p>[\/et_pb_text][\/et_pb_column][et_pb_column type=&#8220;1_2&#8243; _builder_version=&#8220;4.16&#8243; global_colors_info=&#8220;{}&#8220;][et_pb_image src=&#8220;https:\/\/www.apartments-faakersee.at\/wp-content\/uploads\/2022\/09\/skitouren_in_kaernten_nockberge_trail-web_f_Franz-Gerdl_c_Kaernten.jpeg&#8220; alt=&#8220;Ein Koffer liegt auf der Bank im Business Apartment&#8220; title_text=&#8220;skitouren_in_kaernten_nockberge_trail-web_(f)_Franz-Gerdl_(c)_Kaernten&#8220; _builder_version=&#8220;4.18.0&#8243; global_colors_info=&#8220;{}&#8220;][\/et_pb_image][\/et_pb_column][\/et_pb_row][et_pb_row _builder_version=&#8220;4.16&#8243; global_colors_info=&#8220;{}&#8220;][et_pb_column type=&#8220;4_4&#8243; _builder_version=&#8220;4.16&#8243; global_colors_info=&#8220;{}&#8220;][et_pb_text _builder_version=&#8220;4.18.0&#8243; global_colors_info=&#8220;{}&#8220;]<\/p>\n<h3>Gratis Skibus vom Faaker See<\/h3>\n<p>[\/et_pb_text][et_pb_text _builder_version=&#8220;4.18.0&#8243; global_colors_info=&#8220;{}&#8220;]<\/p>\n<p>Direkt vom Faaker See f\u00e4hrt Sie ein Bus kostenlos in die Skigebiete Gerlitzen Alpe und Dreil\u00e4ndereck und wieder retour. So k\u00f6nnen Sie bequem Ihr Auto in der Unterkunft stehen lassen und den Skitag ganz entspannt genie\u00dfen. Da darf\u2018s dann auch einmal das ein oder andere Gl\u00e4schen Gl\u00fchwein auf der Skih\u00fctte sein.<\/p>\n<p>Der Shuttle f\u00e4hrt t\u00e4glich von Ende Januar bis Anfang M\u00e4rz und ist am Vorabend bis 18:00 Uhr buchbar. Auf Wunsch \u00fcbernehmen wir dies gerne f\u00fcr Sie. Den aktuellen Fahrplan samt Haltestellen finden Sie hier: <a href=\"https:\/\/travel.visitvillach.at\/media\/winter-bus-faakersee.pdf\">Fahrplan Winter Ski Bus<\/a>\u00a0<\/p>\n<p>[\/et_pb_text][\/et_pb_column][\/et_pb_row][et_pb_row _builder_version=&#8220;4.16&#8243; global_colors_info=&#8220;{}&#8220;][et_pb_column type=&#8220;4_4&#8243; _builder_version=&#8220;4.16&#8243; global_colors_info=&#8220;{}&#8220;][et_pb_text _builder_version=&#8220;4.18.0&#8243; global_colors_info=&#8220;{}&#8220;]<\/p>\n<h3>Von der Piste in die Therme<\/h3>\n<p>[\/et_pb_text][et_pb_text _builder_version=&#8220;4.18.0&#8243; global_colors_info=&#8220;{}&#8220;]<\/p>\n<p>Wer nach einem actionreichen Tag auf der Piste sich ein wenig entspannen m\u00f6chte, ist in der K\u00e4rnten Therme genau richtig. Egal ob Schwitzen in der Sauna, Entspannen bei einer Massage, Schwimmen im Sportbecken oder einfach nur gem\u00fctlich Plantschen in einem der zahlreichen Becken \u2013 es ist f\u00fcr jeden das passende Angebot dabei.<\/p>\n<p>Mit einem \u201eFun, Fit &amp; Spa\u201c-Gesamtangebot auf \u00fcber 11.000 m\u00b2 ist die K\u00e4rnten Therme die modernste Erlebniswelt in K\u00e4rnten. Auf insgesamt vier Ebenen bietet die Therme ein grandioses Angebot f\u00fcr Gro\u00df und Klein. Aktuelle \u00d6ffnungszeiten, Preise und Informationen finden Sie hier: <a href=\"https:\/\/www.kaerntentherme.com\/\">K\u00e4rnten Therme<\/a><\/p>\n<p>[\/et_pb_text][\/et_pb_column][\/et_pb_row][\/et_pb_section][et_pb_section fb_built=&#8220;1&#8243; _builder_version=&#8220;4.16&#8243; custom_padding=&#8220;0px||4px|||&#8220; global_colors_info=&#8220;{}&#8220;][et_pb_row custom_padding_last_edited=&#8220;on|phone&#8220; _builder_version=&#8220;4.16&#8243; background_color=&#8220;#d5d7d4&#8243; width=&#8220;100%&#8220; width_tablet=&#8220;95%&#8220; width_phone=&#8220;&#8220; width_last_edited=&#8220;on|tablet&#8220; max_width=&#8220;1250px&#8220; custom_padding=&#8220;100px|140px|100px|140px|true|true&#8220; custom_padding_tablet=&#8220;80px|35px|80px|35px|true|true&#8220; custom_padding_phone=&#8220;|10px||10px|true|true&#8220; global_colors_info=&#8220;{}&#8220; width__hover_enabled=&#8220;off|hover&#8220;][et_pb_column type=&#8220;4_4&#8243; _builder_version=&#8220;4.16&#8243; global_colors_info=&#8220;{}&#8220;][et_pb_text _builder_version=&#8220;4.18.0&#8243; text_line_height=&#8220;28px&#8220; width_tablet=&#8220;87%&#8220; width_phone=&#8220;83%&#8220; width_last_edited=&#8220;on|tablet&#8220; module_alignment=&#8220;left&#8220; custom_margin=&#8220;0px||55px||false|false&#8220; text_font_size_tablet=&#8220;17px&#8220; text_font_size_phone=&#8220;17px&#8220; text_font_size_last_edited=&#8220;on|tablet&#8220; text_orientation_tablet=&#8220;center&#8220; text_orientation_phone=&#8220;&#8220; text_orientation_last_edited=&#8220;on|tablet&#8220; module_alignment_tablet=&#8220;center&#8220; module_alignment_phone=&#8220;&#8220; module_alignment_last_edited=&#8220;on|tablet&#8220; locked=&#8220;off&#8220; global_colors_info=&#8220;{}&#8220;]<\/p>\n<p>Lust auf einen unvergesslichen Skiurlaub in K\u00e4rnten? <a href=\"https:\/\/www.apartments-faakersee.at\/buchen\/\">Dann buchen Sie noch heute Ihr Wohlf\u00fchlapartment und erleben Sie einen unvergesslichen Winterurlaub!<\/a><\/p>\n<p>[\/et_pb_text][\/et_pb_column][\/et_pb_row][\/et_pb_section][et_pb_section fb_built=&#8220;1&#8243; _builder_version=&#8220;4.4.3&#8243; background_color=&#8220;#d5d7d4&#8243; custom_margin=&#8220;100px|||||&#8220; custom_padding=&#8220;||||false|false&#8220; border_width_top=&#8220;1px&#8220; global_module=&#8220;1486&#8243; collapsed=&#8220;off&#8220; global_colors_info=&#8220;{}&#8220;][et_pb_row module_class=&#8220;wa-footer-newsletter-section&#8220; _builder_version=&#8220;4.16&#8243; background_size=&#8220;initial&#8220; background_position=&#8220;top_left&#8220; background_repeat=&#8220;repeat&#8220; module_alignment=&#8220;center&#8220; global_colors_info=&#8220;{}&#8220;][et_pb_column type=&#8220;4_4&#8243; _builder_version=&#8220;4.16&#8243; global_colors_info=&#8220;{}&#8220;][et_pb_text _builder_version=&#8220;4.16&#8243; text_font=&#8220;|||on|||||&#8220; text_text_color=&#8220;#000000&#8243; text_font_size=&#8220;13px&#8220; text_letter_spacing=&#8220;1.86px&#8220; text_line_height=&#8220;19px&#8220; header_text_color=&#8220;#000000&#8243; header_font_size=&#8220;50px&#8220; header_2_font=&#8220;|700|||||||&#8220; header_2_text_color=&#8220;#000000&#8243; header_2_font_size=&#8220;50px&#8220; global_colors_info=&#8220;{}&#8220;]<\/p>\n<h2>Newsletter<\/h2>\n<p>MELDE DICH BEI UNSEREM NEWSLETTER AN UM IMMER \u00dcBER AKTUELLE NEWS UND ANGEBOTE INFORMIERT ZU BLEIBEN<\/p>\n<p>[\/et_pb_text][et_pb_code _builder_version=&#8220;4.16&#8243; global_colors_info=&#8220;{}&#8220;]<script id=\"n2g_script\">!function(e,t,n,c,r,a,i){e.Newsletter2GoTrackingObject=r,e[r]=e[r]||function(){(e[r].q=e[r].q||[]).push(arguments)},e[r].l=1*new Date,a=t.createElement(n),i=t.getElementsByTagName(n)[0],a.async=1,a.src=c,i.parentNode.insertBefore(a,i)}(window,document,\"script\",\"https:\/\/static.newsletter2go.com\/utils.js\",\"n2g\");var config = {\"container\": {\"type\": \"div\",\"class\": \"\",\"style\": \"\"},\"row\": {\"type\": \"div\",\"class\": \"\",\"style\": \"margin-top: 15px;\"},\"columnLeft\": {\"type\": \"div\",\"class\": \"\",\"style\": \"\"},\"columnRight\": {\"type\": \"div\",\"class\": \"\",\"style\": \"\"},\"label\": {\"type\": \"label\",\"class\": \"\",\"style\": \"\"}};n2g('create', 'ut1m3fer-k96mt4nb-igs');n2g('subscribe:createForm', config);<\/script>[\/et_pb_code][\/et_pb_column][\/et_pb_row][\/et_pb_section]<\/p>\n","protected":false},"excerpt":{"rendered":"<p>Skifahren in K\u00e4rntenDie besten Skigebiete rund um den Faaker SeeDie modern angelegten Skigebiete rund um den Faaker See gew\u00e4hrleisten optimale Pistenbedingungen sowohl f\u00fcr Anf\u00e4nger als auch f\u00fcr Profis. Es erwarten Sie Skipisten in allen Schwierigkeitsgraden, Bergbahnen und Lifte auf dem neuesten Stand sowie heimelige H\u00fctten zum gem\u00fctlichen Beisammensein. Die perfekte Unterkunft f\u00fcr Ihren Skiurlaub finden [&hellip;]<\/p>\n","protected":false},"author":1,"featured_media":0,"parent":0,"menu_order":0,"comment_status":"closed","ping_status":"closed","template":"","meta":{"_et_pb_use_builder":"on","_et_pb_old_content":"","_et_gb_content_width":"","footnotes":""},"class_list":["post-5453","page","type-page","status-publish","hentry"],"yoast_head":"<!-- This site is optimized with the Yoast SEO plugin v27.4 - https:\/\/yoast.com\/product\/yoast-seo-wordpress\/ -->\n<title>Skifahren in K\u00e4rnten - Winterlaub f\u00fcr die ganze Familie<\/title>\n<meta name=\"description\" content=\"Sie wollen Skifahren in K\u00e4rnten und eine sch\u00f6ne Zeit mit der Familie mit Ihren Liebsten verbringen? Wir haben die passende Unterkunft!\" \/>\n<meta name=\"robots\" content=\"index, follow, max-snippet:-1, max-image-preview:large, max-video-preview:-1\" \/>\n<link rel=\"canonical\" href=\"https:\/\/www.apartments-faakersee.at\/it\/skifahren-in-kaernten\/\" \/>\n<meta property=\"og:locale\" content=\"it_IT\" \/>\n<meta property=\"og:type\" content=\"article\" \/>\n<meta property=\"og:title\" content=\"Skifahren in K\u00e4rnten - Winterlaub f\u00fcr die ganze Familie\" \/>\n<meta property=\"og:description\" content=\"Sie wollen Skifahren in K\u00e4rnten und eine sch\u00f6ne Zeit mit der Familie mit Ihren Liebsten verbringen? Wir haben die passende Unterkunft!\" \/>\n<meta property=\"og:url\" content=\"https:\/\/www.apartments-faakersee.at\/it\/skifahren-in-kaernten\/\" \/>\n<meta property=\"og:site_name\" content=\"Apart of me Faaker See\" \/>\n<meta property=\"article:modified_time\" content=\"2022-09-26T10:13:49+00:00\" \/>\n<meta property=\"og:image\" content=\"https:\/\/www.apartments-faakersee.at\/wp-content\/uploads\/2021\/04\/logo-faaker-see-favi.png\" \/>\n\t<meta property=\"og:image:width\" content=\"500\" \/>\n\t<meta property=\"og:image:height\" content=\"500\" \/>\n\t<meta property=\"og:image:type\" content=\"image\/png\" \/>\n<meta name=\"twitter:card\" content=\"summary_large_image\" \/>\n<meta name=\"twitter:label1\" content=\"Est. reading time\" \/>\n\t<meta name=\"twitter:data1\" content=\"5 minutes\" \/>\n<script type=\"application\/ld+json\" class=\"yoast-schema-graph\">{\"@context\":\"https:\\\/\\\/schema.org\",\"@graph\":[{\"@type\":\"WebPage\",\"@id\":\"https:\\\/\\\/www.apartments-faakersee.at\\\/skifahren-in-kaernten\\\/\",\"url\":\"https:\\\/\\\/www.apartments-faakersee.at\\\/skifahren-in-kaernten\\\/\",\"name\":\"Skifahren in K\u00e4rnten - Winterlaub f\u00fcr die ganze Familie\",\"isPartOf\":{\"@id\":\"https:\\\/\\\/www.apartments-faakersee.at\\\/#website\"},\"datePublished\":\"2022-09-26T07:59:47+00:00\",\"dateModified\":\"2022-09-26T10:13:49+00:00\",\"description\":\"Sie wollen Skifahren in K\u00e4rnten und eine sch\u00f6ne Zeit mit der Familie mit Ihren Liebsten verbringen? Wir haben die passende Unterkunft!\",\"breadcrumb\":{\"@id\":\"https:\\\/\\\/www.apartments-faakersee.at\\\/skifahren-in-kaernten\\\/#breadcrumb\"},\"inLanguage\":\"it-IT\",\"potentialAction\":[{\"@type\":\"ReadAction\",\"target\":[\"https:\\\/\\\/www.apartments-faakersee.at\\\/skifahren-in-kaernten\\\/\"]}]},{\"@type\":\"BreadcrumbList\",\"@id\":\"https:\\\/\\\/www.apartments-faakersee.at\\\/skifahren-in-kaernten\\\/#breadcrumb\",\"itemListElement\":[{\"@type\":\"ListItem\",\"position\":1,\"name\":\"Startseite\",\"item\":\"https:\\\/\\\/www.apartments-faakersee.at\\\/it\\\/\"},{\"@type\":\"ListItem\",\"position\":2,\"name\":\"Skifahren in K\u00e4rnten\"}]},{\"@type\":\"WebSite\",\"@id\":\"https:\\\/\\\/www.apartments-faakersee.at\\\/#website\",\"url\":\"https:\\\/\\\/www.apartments-faakersee.at\\\/\",\"name\":\"Apart of me Faaker See\",\"description\":\"Ihre Wohlf\u00fchloase am Faaker See\",\"publisher\":{\"@id\":\"https:\\\/\\\/www.apartments-faakersee.at\\\/#organization\"},\"potentialAction\":[{\"@type\":\"SearchAction\",\"target\":{\"@type\":\"EntryPoint\",\"urlTemplate\":\"https:\\\/\\\/www.apartments-faakersee.at\\\/?s={search_term_string}\"},\"query-input\":{\"@type\":\"PropertyValueSpecification\",\"valueRequired\":true,\"valueName\":\"search_term_string\"}}],\"inLanguage\":\"it-IT\"},{\"@type\":\"Organization\",\"@id\":\"https:\\\/\\\/www.apartments-faakersee.at\\\/#organization\",\"name\":\"Apartments Villach\",\"url\":\"https:\\\/\\\/www.apartments-faakersee.at\\\/\",\"logo\":{\"@type\":\"ImageObject\",\"inLanguage\":\"it-IT\",\"@id\":\"https:\\\/\\\/www.apartments-faakersee.at\\\/#\\\/schema\\\/logo\\\/image\\\/\",\"url\":\"https:\\\/\\\/www.apartments-faakersee.at\\\/wp-content\\\/uploads\\\/2017\\\/11\\\/cropped-Apartments-Villach-Logo.png\",\"contentUrl\":\"https:\\\/\\\/www.apartments-faakersee.at\\\/wp-content\\\/uploads\\\/2017\\\/11\\\/cropped-Apartments-Villach-Logo.png\",\"width\":512,\"height\":512,\"caption\":\"Apartments Villach\"},\"image\":{\"@id\":\"https:\\\/\\\/www.apartments-faakersee.at\\\/#\\\/schema\\\/logo\\\/image\\\/\"}}]}<\/script>\n<!-- \/ Yoast SEO plugin. -->","yoast_head_json":{"title":"Skifahren in K\u00e4rnten - Winterlaub f\u00fcr die ganze Familie","description":"Sie wollen Skifahren in K\u00e4rnten und eine sch\u00f6ne Zeit mit der Familie mit Ihren Liebsten verbringen? Wir haben die passende Unterkunft!","robots":{"index":"index","follow":"follow","max-snippet":"max-snippet:-1","max-image-preview":"max-image-preview:large","max-video-preview":"max-video-preview:-1"},"canonical":"https:\/\/www.apartments-faakersee.at\/it\/skifahren-in-kaernten\/","og_locale":"it_IT","og_type":"article","og_title":"Skifahren in K\u00e4rnten - Winterlaub f\u00fcr die ganze Familie","og_description":"Sie wollen Skifahren in K\u00e4rnten und eine sch\u00f6ne Zeit mit der Familie mit Ihren Liebsten verbringen? Wir haben die passende Unterkunft!","og_url":"https:\/\/www.apartments-faakersee.at\/it\/skifahren-in-kaernten\/","og_site_name":"Apart of me Faaker See","article_modified_time":"2022-09-26T10:13:49+00:00","og_image":[{"width":500,"height":500,"url":"https:\/\/www.apartments-faakersee.at\/wp-content\/uploads\/2021\/04\/logo-faaker-see-favi.png","type":"image\/png"}],"twitter_card":"summary_large_image","twitter_misc":{"Est. reading time":"5 minutes"},"schema":{"@context":"https:\/\/schema.org","@graph":[{"@type":"WebPage","@id":"https:\/\/www.apartments-faakersee.at\/skifahren-in-kaernten\/","url":"https:\/\/www.apartments-faakersee.at\/skifahren-in-kaernten\/","name":"Skifahren in K\u00e4rnten - Winterlaub f\u00fcr die ganze Familie","isPartOf":{"@id":"https:\/\/www.apartments-faakersee.at\/#website"},"datePublished":"2022-09-26T07:59:47+00:00","dateModified":"2022-09-26T10:13:49+00:00","description":"Sie wollen Skifahren in K\u00e4rnten und eine sch\u00f6ne Zeit mit der Familie mit Ihren Liebsten verbringen? Wir haben die passende Unterkunft!","breadcrumb":{"@id":"https:\/\/www.apartments-faakersee.at\/skifahren-in-kaernten\/#breadcrumb"},"inLanguage":"it-IT","potentialAction":[{"@type":"ReadAction","target":["https:\/\/www.apartments-faakersee.at\/skifahren-in-kaernten\/"]}]},{"@type":"BreadcrumbList","@id":"https:\/\/www.apartments-faakersee.at\/skifahren-in-kaernten\/#breadcrumb","itemListElement":[{"@type":"ListItem","position":1,"name":"Startseite","item":"https:\/\/www.apartments-faakersee.at\/it\/"},{"@type":"ListItem","position":2,"name":"Skifahren in K\u00e4rnten"}]},{"@type":"WebSite","@id":"https:\/\/www.apartments-faakersee.at\/#website","url":"https:\/\/www.apartments-faakersee.at\/","name":"Oltre a me Faaker See","description":"La vostra oasi di benessere sul lago Faak","publisher":{"@id":"https:\/\/www.apartments-faakersee.at\/#organization"},"potentialAction":[{"@type":"SearchAction","target":{"@type":"EntryPoint","urlTemplate":"https:\/\/www.apartments-faakersee.at\/?s={search_term_string}"},"query-input":{"@type":"PropertyValueSpecification","valueRequired":true,"valueName":"search_term_string"}}],"inLanguage":"it-IT"},{"@type":"Organization","@id":"https:\/\/www.apartments-faakersee.at\/#organization","name":"Appartamenti Villach","url":"https:\/\/www.apartments-faakersee.at\/","logo":{"@type":"ImageObject","inLanguage":"it-IT","@id":"https:\/\/www.apartments-faakersee.at\/#\/schema\/logo\/image\/","url":"https:\/\/www.apartments-faakersee.at\/wp-content\/uploads\/2017\/11\/cropped-Apartments-Villach-Logo.png","contentUrl":"https:\/\/www.apartments-faakersee.at\/wp-content\/uploads\/2017\/11\/cropped-Apartments-Villach-Logo.png","width":512,"height":512,"caption":"Apartments Villach"},"image":{"@id":"https:\/\/www.apartments-faakersee.at\/#\/schema\/logo\/image\/"}}]}},"_links":{"self":[{"href":"https:\/\/www.apartments-faakersee.at\/it\/wp-json\/wp\/v2\/pages\/5453","targetHints":{"allow":["GET"]}}],"collection":[{"href":"https:\/\/www.apartments-faakersee.at\/it\/wp-json\/wp\/v2\/pages"}],"about":[{"href":"https:\/\/www.apartments-faakersee.at\/it\/wp-json\/wp\/v2\/types\/page"}],"author":[{"embeddable":true,"href":"https:\/\/www.apartments-faakersee.at\/it\/wp-json\/wp\/v2\/users\/1"}],"replies":[{"embeddable":true,"href":"https:\/\/www.apartments-faakersee.at\/it\/wp-json\/wp\/v2\/comments?post=5453"}],"version-history":[{"count":9,"href":"https:\/\/www.apartments-faakersee.at\/it\/wp-json\/wp\/v2\/pages\/5453\/revisions"}],"predecessor-version":[{"id":5465,"href":"https:\/\/www.apartments-faakersee.at\/it\/wp-json\/wp\/v2\/pages\/5453\/revisions\/5465"}],"wp:attachment":[{"href":"https:\/\/www.apartments-faakersee.at\/it\/wp-json\/wp\/v2\/media?parent=5453"}],"curies":[{"name":"wp","href":"https:\/\/api.w.org\/{rel}","templated":true}]}}